{"id":99,"date":"2021-01-19T17:31:06","date_gmt":"2021-01-19T16:31:06","guid":{"rendered":"http:\/\/sdbts.yadmordekhai.com\/?page_id=99"},"modified":"2021-04-22T20:17:42","modified_gmt":"2021-04-22T18:17:42","slug":"premiere-annee","status":"publish","type":"page","link":"https:\/\/sarah.delahaye.pro\/index.php\/premiere-annee\/","title":{"rendered":"Stage de premi\u00e8re ann\u00e9e"},"content":{"rendered":"<h6>expertox<\/h6>\n<h5>\n<h2>Gerer une base de donnee<\/h5>\n<p>\t\t\t\t\t\t\t\t\t\t\t<a href=\"http:\/\/www.expertoxcabinet.fr\/\" target=\"_blank\" rel=\"noopener\"><br \/>\n\t\t\t\t\t\t\t<img width=\"363\" height=\"118\" src=\"http:\/\/sdbts.yadmordekhai.com\/wp-content\/uploads\/2021\/04\/expertox-logo.png\" alt=\"\" loading=\"lazy\" srcset=\"http:\/\/sdbts.yadmordekhai.com\/wp-content\/uploads\/2021\/04\/expertox-logo.png 363w, http:\/\/sdbts.yadmordekhai.com\/wp-content\/uploads\/2021\/04\/expertox-logo-300x98.png 300w, http:\/\/sdbts.yadmordekhai.com\/wp-content\/uploads\/2021\/04\/expertox-logo-185x60.png 185w\" sizes=\"(max-width: 363px) 100vw, 363px\" \/>\t\t\t\t\t\t\t\t<\/a><br \/>\n\t\t\t\t\t\t\t\t\t\t\t\t<a href=\"\">Contexte de l&rsquo;entreprise<\/a><\/p>\n<p><a href=\"http:\/\/www.expertoxcabinet.fr\/\" target=\"_blank\" rel=\"noopener\">Expertox<\/a> est un laboratoire de test et cabinet d&rsquo;expertise toxicologique, qui permet d&rsquo;\u00e9viter les contraintes scientifiques et r\u00e9glementaires pour la mise sur le march\u00e9 de produits. Les locaux sont bas\u00e9s au\u00a014 Rue Godefroy Cavaignac, 75011 Paris.<\/p>\n<p>\t\t\t\t\t\t\t\t\t\t\t\t<a href=\"\">Dur\u00e9e du stage<\/a><br \/>\n\t\t\t\t\tDu 09 f\u00e9vrier 2020 au 03 mars 2020<br \/>\n<br \/>\nDu 20 avril 2020 au 24 avril 2020<br \/>\n\t\t\t\t\t\t\t\t\t\t\t\t<a href=\"\">Ma mission<\/a><\/p>\n<p>J&rsquo;ai du m&rsquo;occuper de la base de donn\u00e9es de l&rsquo;entreprise pour la mettre a jour. J&rsquo;ai \u00e9galement \u00e9t\u00e9 charg\u00e9e de relier diff\u00e9rents logiciels et tableaux avec la base de donn\u00e9e pour simplifier l&rsquo;ajout de produits dans celle ci.<\/p>\n<p>\t\t\t\t\t\t\t\t\t\t\t\t<a href=\"\">Technologies utilis\u00e9es<\/a><\/p>\n<p>Logiciel: PgAdmin<\/p>\n<p>Langage: SQL<\/p>\n<p>\t\t\t\t\t\t\t\t\t\t\t\t<a href=\"\">Comp\u00e9tences acquises<\/a><\/p>\n<p>Ce stage m&rsquo;a procur\u00e9 une aisance avec le langage SQL et PgAdmin. Capacit\u00e9 a interagir avec une base de donn\u00e9es et adaptation des besoins de l&rsquo;entreprise. De plus j&rsquo;ai pu d\u00e9couvrir le quotidien et le travail au sein d&rsquo;une entreprise (avant le d\u00e9but du t\u00e9l\u00e9travail du au Corona)<\/p>\n","protected":false},"excerpt":{"rendered":"<p>expertox Gerer une base de donnee Contexte de l&rsquo;entreprise Expertox est un laboratoire de test et cabinet d&rsquo;expertise toxicologique, qui permet d&rsquo;\u00e9viter les contraintes scientifiques et r\u00e9glementaires pour la mise sur le march\u00e9 de produits. Les locaux sont bas\u00e9s au\u00a014 Rue Godefroy Cavaignac, 75011 Paris. Dur\u00e9e du stage Du 09 f\u00e9vrier 2020 au 03 mars 2020 Du 20 avril 2020 &hellip; <\/p>\n","protected":false},"author":1,"featured_media":0,"parent":0,"menu_order":0,"comment_status":"closed","ping_status":"closed","template":"","meta":[],"_links":{"self":[{"href":"https:\/\/sarah.delahaye.pro\/index.php\/wp-json\/wp\/v2\/pages\/99"}],"collection":[{"href":"https:\/\/sarah.delahaye.pro\/index.php\/wp-json\/wp\/v2\/pages"}],"about":[{"href":"https:\/\/sarah.delahaye.pro\/index.php\/wp-json\/wp\/v2\/types\/page"}],"author":[{"embeddable":true,"href":"https:\/\/sarah.delahaye.pro\/index.php\/wp-json\/wp\/v2\/users\/1"}],"replies":[{"embeddable":true,"href":"https:\/\/sarah.delahaye.pro\/index.php\/wp-json\/wp\/v2\/comments?post=99"}],"version-history":[{"count":0,"href":"https:\/\/sarah.delahaye.pro\/index.php\/wp-json\/wp\/v2\/pages\/99\/revisions"}],"wp:attachment":[{"href":"https:\/\/sarah.delahaye.pro\/index.php\/wp-json\/wp\/v2\/media?parent=99"}],"curies":[{"name":"wp","href":"https:\/\/api.w.org\/{rel}","templated":true}]}}