{"id":88,"date":"2021-01-19T17:27:56","date_gmt":"2021-01-19T16:27:56","guid":{"rendered":"http:\/\/sdbts.yadmordekhai.com\/?page_id=88"},"modified":"2021-06-11T12:43:42","modified_gmt":"2021-06-11T10:43:42","slug":"gsb_applifrais","status":"publish","type":"page","link":"https:\/\/sarah.delahaye.pro\/index.php\/gsb_applifrais\/","title":{"rendered":"GSB_AppliFrais"},"content":{"rendered":"<p><a href=\"https:\/\/github.com\/sarah51716\/GSB_AppliFrais\" target=\"_blank\" rel=\"noopener\"><br \/>\n\t\t\t\t\t\tGithub<br \/>\n\t\t\t\t\t\t\t\t\t\t\t<\/a><\/p>\n<h1>Laboratoire<br \/>Galaxy Swiss <br \/>Bourdin<\/h1>\n<p>\t\t\t<a href=\"https:\/\/github.com\/sarah51716\/GSB_AppliFrais\" target=\"_blank\" role=\"button\" rel=\"noopener\"><br \/>\n\t\t\t\t\t\tMon PPE<br \/>\n\t\t\t\t\t<\/a><\/p>\n<p>Voici le deuxi\u00e8me PPE r\u00e9alis\u00e9 au cours de ma formation.<br \/>Vous y trouverez toutes les ressources n\u00e9cessaires ainsi que le code associ\u00e9 au projet.<\/p>\n<p>\t\t\tGSB_AppliFrais\t\t<\/p>\n<h1>Introduction<\/h1>\n<p>En 2009, deux g\u00e9ants pharmaceutiques Galaxy et Swiss Bourdin ont uni leurs forces pour cr\u00e9er un leader de ce secteur industriel. Le laboratoire cr\u00e9e, l&rsquo;entit\u00e9 Galaxy Swiss Bourdin souhaite uniformiser la gestion des frais professionnels des visiteurs m\u00e9dicaux via le d\u00e9veloppement en interne d\u2019une application Web intitul\u00e9e GSB-AppliFrais.<br \/>Cette application est destin\u00e9e \u00e0 la fois aux visiteurs m\u00e9dicaux et aux comptables en charge de leur gestion.<\/p>\n<p>L&rsquo;application doit permettre d&rsquo;enregistrer tout frais engag\u00e9, aussi bien pour l&rsquo;activit\u00e9 directe (d\u00e9placement, restauration et h\u00e9bergement) que pour les activit\u00e9s annexes (\u00e9v\u00e8nementiel, conf\u00e9rences, autres\u2026), et de pr\u00e9senter un suivi dat\u00e9 des op\u00e9rations men\u00e9es par le service comptable (r\u00e9ception des pi\u00e8ces, validation de la demande de remboursement, mise en paiement, remboursement effectu\u00e9)<\/p>\n<p>La partie destin\u00e9e aux visiteurs m\u00e9dicaux est d\u00e9velopp\u00e9e. Il s&rsquo;agit a pr\u00e9sent de d\u00e9velopper la partie destin\u00e9e aux comptables en charge de la validation et du paiement de ses frais professionnels. Il a donc fallu ajouter une table comptable dans la base de donn\u00e9es, puis cr\u00e9er une interface pour que les comptables g\u00e8rent tous les frais de visiteurs. Diff\u00e9rentes fonctions ont donc \u00e9t\u00e9 cr\u00e9\u00e9es ainsi que de nouvelles vues.<\/p>\n<h2>Ressources re\u00e7ues<\/h2>\n<p>Voici les ressources n\u00e9cessaires fournies pour le d\u00e9veloppement de l\u2019application GSB_AppliFrais :<\/p>\n<p>\t\t\t\t<a href=\"http:\/\/sdbts.yadmordekhai.com\/wp-content\/uploads\/2021\/05\/GSB-Contexte.pdf\" target=\"_blank\" rel=\"noopener\"><br \/>\n\t\t\t\t\t\t\t\t<\/a><\/p>\n<h3>\n\t\t\t\t\t<a href=\"http:\/\/sdbts.yadmordekhai.com\/wp-content\/uploads\/2021\/05\/GSB-Contexte.pdf\" target=\"_blank\" rel=\"noopener\">Contexte professionnel<\/a><br \/>\n\t\t\t\t<\/h3>\n<p>\t\t\t\t<a href=\"http:\/\/sdbts.yadmordekhai.com\/wp-content\/uploads\/2021\/05\/GSB-AppliFrais-Cahier-des-charges.pdf\" target=\"_blank\" rel=\"noopener\"><br \/>\n\t\t\t\t\t\t\t\t<\/a><\/p>\n<h3>\n\t\t\t\t\t<a href=\"http:\/\/sdbts.yadmordekhai.com\/wp-content\/uploads\/2021\/05\/GSB-AppliFrais-Cahier-des-charges.pdf\" target=\"_blank\" rel=\"noopener\">Cahier des charges<\/a><br \/>\n\t\t\t\t<\/h3>\n<p>\t\t\t\t<a href=\"http:\/\/sdbts.yadmordekhai.com\/wp-content\/uploads\/2021\/05\/Ebauches-Formulaires-GSBAppliFrais.pdf\" target=\"_blank\" rel=\"noopener\"><br \/>\n\t\t\t\t\t\t\t\t<\/a><\/p>\n<h3>\n\t\t\t\t\t<a href=\"http:\/\/sdbts.yadmordekhai.com\/wp-content\/uploads\/2021\/05\/Ebauches-Formulaires-GSBAppliFrais.pdf\" target=\"_blank\" rel=\"noopener\">Ebauche de formulaires<\/a><br \/>\n\t\t\t\t<\/h3>\n<p>\t\t\t\t<a href=\"http:\/\/sdbts.yadmordekhai.com\/wp-content\/uploads\/2021\/05\/GSBAppliFrais-normes-PHP.pdf\" target=\"_blank\" rel=\"noopener\"><br \/>\n\t\t\t\t\t\t\t\t<\/a><\/p>\n<h3>\n\t\t\t\t\t<a href=\"http:\/\/sdbts.yadmordekhai.com\/wp-content\/uploads\/2021\/05\/GSBAppliFrais-normes-PHP.pdf\" target=\"_blank\" rel=\"noopener\">Normes PHP<\/a><br \/>\n\t\t\t\t<\/h3>\n<p>\t\t\t\t<a href=\"http:\/\/sdbts.yadmordekhai.com\/wp-content\/uploads\/2021\/06\/gsb_restore.txt\" target=\"_blank\" rel=\"noopener\"><br \/>\n\t\t\t\t\t\t\t\t<\/a><\/p>\n<h3>\n\t\t\t\t\t<a href=\"http:\/\/sdbts.yadmordekhai.com\/wp-content\/uploads\/2021\/06\/gsb_restore.txt\" target=\"_blank\" rel=\"noopener\">Base de donn\u00e9es<\/a><br \/>\n\t\t\t\t<\/h3>\n<h1>Logiciels utilis\u00e9s<\/h1>\n<ul>\n<li>Utilisation de l\u2019IDE NetBeans<\/li>\n<li>phpMyAdmin : Outils d\u2019administration de la base de donn\u00e9es<\/li>\n<li>Xdebug : Pour l\u2019affichage des erreurs<\/li>\n<li>phpDocumentor : Pour la g\u00e9n\u00e9ration de la documentation<\/li>\n<li>WampServer : pour le d\u00e9veloppement web sous Windows<\/li>\n<li>Github: pour les d\u00e9p\u00f4ts des r\u00e9pertoires locaux<\/li>\n<\/ul>\n<h1>Productions<\/h1>\n<p>La premi\u00e8re mission a \u00e9t\u00e9 de donner la possibilit\u00e9 \u00e0 un comptable de se connecter afin d\u2019arriver sur son interface, au m\u00eame titre que le visiteur, et de maintenir cette connexion.<br \/>Il a donc fallu modifier des donn\u00e9es existantes, cr\u00e9er de nouvelles variables sp\u00e9cifiques au comptable ainsi qu\u2019ajouter des comptables virtuels dans la base de donn\u00e9es afin de r\u00e9aliser les tests.<br \/>Une fois l\u2019utilisateur authentifi\u00e9, une page d\u2019accueil s\u2019ouvre selon le statut de l\u2019utilisateur (visiteur ou comptable). La page d\u2019accueil propose d\u2019effectuer plusieurs actions, notamment la validation des fiches de frais du visiteur par le comptable (pour l\u2019interface comptable). Lorsque le comptable demande \u00e0 valider les fiches de frais, apr\u00e8s cl\u00f4ture automatique, il doit s\u00e9lectionner dans deux menus d\u00e9roulants, le visiteur et le mois concern\u00e9s. Il a donc fallu cr\u00e9er ces vues, ces menus, et un nouveau contr\u00f4leur.<br \/>Si la fiche de frais pour ce visiteur existe, elle est affich\u00e9e et le comptable a la possibilit\u00e9 de corriger puis de valider la fiche.<br \/>Enfin, la troisi\u00e8me mission a consist\u00e9 \u00e0 permettre au comptable de suivre le paiement des fiches de frais.<\/p>\n<p>La r\u00e9alisation de ces trois missions s\u2019est faite durant les mois de Janvier \u00e0 Mars 2021.<\/p>\n<h2>Realisation<\/h2>\n<p>Voici les liens des documents et codes produits<\/p>\n<p>\t\t\t\t<a href=\"https:\/\/github.com\/sarah51716\/GSB_AppliFrais\/tree\/master\/www\" target=\"_blank\" rel=\"noopener\"><br \/>\n\t\t\t\t\t\t\t\t<\/a><\/p>\n<h3>\n\t\t\t\t\t<a href=\"https:\/\/github.com\/sarah51716\/GSB_AppliFrais\/tree\/master\/www\" target=\"_blank\" rel=\"noopener\">Code de la partie comptable<\/a><br \/>\n\t\t\t\t<\/h3>\n<p>\t\t\t\t<a href=\"http:\/\/sdbts.yadmordekhai.com\/wp-content\/uploads\/2021\/06\/index.html\" target=\"_blank\" rel=\"noopener\"><br \/>\n\t\t\t\t\t\t\t\t<\/a><\/p>\n<h3>\n\t\t\t\t\t<a href=\"http:\/\/sdbts.yadmordekhai.com\/wp-content\/uploads\/2021\/06\/index.html\" target=\"_blank\" rel=\"noopener\">Documentation technique<\/a><br \/>\n\t\t\t\t<\/h3>\n<p>\t\t\t\t<a href=\"http:\/\/sdbts.yadmordekhai.com\/wp-content\/uploads\/2021\/05\/doc-utilisateur-gsbAppliFrais.pdf\" target=\"_blank\" rel=\"noopener\"><br \/>\n\t\t\t\t\t\t\t\t<\/a><\/p>\n<h3>\n\t\t\t\t\t<a href=\"http:\/\/sdbts.yadmordekhai.com\/wp-content\/uploads\/2021\/05\/doc-utilisateur-gsbAppliFrais.pdf\" target=\"_blank\" rel=\"noopener\">Documentation utilisateur<\/a><br \/>\n\t\t\t\t<\/h3>\n<h1>Comp\u00e9tences associ\u00e9es<\/h1>\n<ul>\n<li>A.1.1.1\u00a0\u2013 Analyse du cahier des charges d\u2019un service \u00e0 produire<\/li>\n<li>A4.1.1 \u2013 Proposition d\u2019une solution applicative<\/li>\n<li>A4.1.2 \u2013 Conception ou adaptation de l\u2019interface utilisateur d\u2019une solution applicative<\/li>\n<li>A4.1.6 \u2013 Gestion d\u2019environnements de d\u00e9veloppement et de test<\/li>\n<li>A4.1.7 \u2013 D\u00e9veloppement, utilisation ou adaptation de composants logiciels<\/li>\n<li>A4.1.8 \u2013 R\u00e9alisation des tests n\u00e9cessaires \u00e0 la validation d\u2019\u00e9l\u00e9ments adapt\u00e9s ou d\u00e9velopp\u00e9s<\/li>\n<li>A5.1.1 \u2013 Mise en place d\u2019une gestion de configuration<\/li>\n<\/ul>\n","protected":false},"excerpt":{"rendered":"<p>Github LaboratoireGalaxy Swiss Bourdin Mon PPE Voici le deuxi\u00e8me PPE r\u00e9alis\u00e9 au cours de ma formation.Vous y trouverez toutes les ressources n\u00e9cessaires ainsi que le code associ\u00e9 au projet. GSB_AppliFrais Introduction En 2009, deux g\u00e9ants pharmaceutiques Galaxy et Swiss Bourdin ont uni leurs forces pour cr\u00e9er un leader de ce secteur industriel. Le laboratoire cr\u00e9e, l&rsquo;entit\u00e9 Galaxy Swiss Bourdin souhaite &hellip; <\/p>\n","protected":false},"author":1,"featured_media":0,"parent":0,"menu_order":0,"comment_status":"closed","ping_status":"closed","template":"","meta":[],"_links":{"self":[{"href":"https:\/\/sarah.delahaye.pro\/index.php\/wp-json\/wp\/v2\/pages\/88"}],"collection":[{"href":"https:\/\/sarah.delahaye.pro\/index.php\/wp-json\/wp\/v2\/pages"}],"about":[{"href":"https:\/\/sarah.delahaye.pro\/index.php\/wp-json\/wp\/v2\/types\/page"}],"author":[{"embeddable":true,"href":"https:\/\/sarah.delahaye.pro\/index.php\/wp-json\/wp\/v2\/users\/1"}],"replies":[{"embeddable":true,"href":"https:\/\/sarah.delahaye.pro\/index.php\/wp-json\/wp\/v2\/comments?post=88"}],"version-history":[{"count":15,"href":"https:\/\/sarah.delahaye.pro\/index.php\/wp-json\/wp\/v2\/pages\/88\/revisions"}],"predecessor-version":[{"id":1589,"href":"https:\/\/sarah.delahaye.pro\/index.php\/wp-json\/wp\/v2\/pages\/88\/revisions\/1589"}],"wp:attachment":[{"href":"https:\/\/sarah.delahaye.pro\/index.php\/wp-json\/wp\/v2\/media?parent=88"}],"curies":[{"name":"wp","href":"https:\/\/api.w.org\/{rel}","templated":true}]}}