{"id":84,"date":"2021-01-19T17:27:56","date_gmt":"2021-01-19T16:27:56","guid":{"rendered":"http:\/\/sdbts.yadmordekhai.com\/?page_id=84"},"modified":"2021-04-21T18:25:29","modified_gmt":"2021-04-21T16:25:29","slug":"tour-de-france","status":"publish","type":"page","link":"https:\/\/sarah.delahaye.pro\/index.php\/tour-de-france\/","title":{"rendered":"Tour de France"},"content":{"rendered":"<h5>TP DE D\u00c9VELOPPEMENT WEB CONSISTANT \u00c0 CR\u00c9ER UN SITE INTERNET SUR SERVEUR LOCAL<\/h5>\n<h6>\n<h2>Contexte du site<\/h6>\n<p>Ce TP consiste en la cr\u00e9ation d\u2019une base de donn\u00e9es \u00ab Tour de France \u00bb qui contient les caract\u00e9ristiques des joueurs, les diff\u00e9rentes \u00e9tapes, les gagnants de chaque \u00e9tape\u2026 et \u00e9galement a apprendre manipuler la BDD a notre volont\u00e9.<\/p>\n<p>J\u2019ai travaill\u00e9 avec pgAdmin qui est un outil d&rsquo;administration graphique pour PostgreSQL. Il propose une interface assez pratique et facile d&rsquo;utilisation.<\/p>\n<p>J\u2019ai donc pratiqu\u00e9 mon cours sur l\u2019exploitation des donn\u00e9es, pour pouvoir cr\u00e9er la BDD et ex\u00e9cuter des requ\u00eates SQL.<\/p>\n<h6>\n<h2>Mes captures<\/h6>\n<h5>TP Tour de France<\/h5>\n<figure class='gallery-item'>\n\t\t\t\t<a data-elementor-open-lightbox=\"yes\" data-elementor-lightbox-slideshow=\"d239537\" data-elementor-lightbox-title=\"Logo pgAdmin\" href='http:\/\/sdbts.yadmordekhai.com\/wp-content\/uploads\/2021\/04\/logopgadmin.png'><img width=\"1200\" height=\"1238\" src=\"http:\/\/sdbts.yadmordekhai.com\/wp-content\/uploads\/2021\/04\/logopgadmin.png\" alt=\"\" loading=\"lazy\" srcset=\"http:\/\/sdbts.yadmordekhai.com\/wp-content\/uploads\/2021\/04\/logopgadmin.png 1200w, http:\/\/sdbts.yadmordekhai.com\/wp-content\/uploads\/2021\/04\/logopgadmin-291x300.png 291w, http:\/\/sdbts.yadmordekhai.com\/wp-content\/uploads\/2021\/04\/logopgadmin-993x1024.png 993w, http:\/\/sdbts.yadmordekhai.com\/wp-content\/uploads\/2021\/04\/logopgadmin-768x792.png 768w, http:\/\/sdbts.yadmordekhai.com\/wp-content\/uploads\/2021\/04\/logopgadmin-58x60.png 58w\" sizes=\"(max-width: 1200px) 100vw, 1200px\" \/><\/a><br \/>\n\t\t\t<\/figure>\n<figure class='gallery-item'>\n\t\t\t\t<a data-elementor-open-lightbox=\"yes\" data-elementor-lightbox-slideshow=\"d239537\" data-elementor-lightbox-title=\"Chargement\" href='http:\/\/sdbts.yadmordekhai.com\/wp-content\/uploads\/2021\/04\/Cargement.png'><img width=\"449\" height=\"140\" src=\"http:\/\/sdbts.yadmordekhai.com\/wp-content\/uploads\/2021\/04\/Cargement.png\" alt=\"\" loading=\"lazy\" srcset=\"http:\/\/sdbts.yadmordekhai.com\/wp-content\/uploads\/2021\/04\/Cargement.png 449w, http:\/\/sdbts.yadmordekhai.com\/wp-content\/uploads\/2021\/04\/Cargement-300x94.png 300w, http:\/\/sdbts.yadmordekhai.com\/wp-content\/uploads\/2021\/04\/Cargement-192x60.png 192w\" sizes=\"(max-width: 449px) 100vw, 449px\" \/><\/a><br \/>\n\t\t\t<\/figure>\n<figure class='gallery-item'>\n\t\t\t\t<a data-elementor-open-lightbox=\"yes\" data-elementor-lightbox-slideshow=\"d239537\" data-elementor-lightbox-title=\"Page de debut\" href='http:\/\/sdbts.yadmordekhai.com\/wp-content\/uploads\/2021\/04\/startpage.png'><img width=\"1278\" height=\"916\" src=\"http:\/\/sdbts.yadmordekhai.com\/wp-content\/uploads\/2021\/04\/startpage.png\" alt=\"\" loading=\"lazy\" srcset=\"http:\/\/sdbts.yadmordekhai.com\/wp-content\/uploads\/2021\/04\/startpage.png 1278w, http:\/\/sdbts.yadmordekhai.com\/wp-content\/uploads\/2021\/04\/startpage-300x215.png 300w, http:\/\/sdbts.yadmordekhai.com\/wp-content\/uploads\/2021\/04\/startpage-1024x734.png 1024w, http:\/\/sdbts.yadmordekhai.com\/wp-content\/uploads\/2021\/04\/startpage-768x550.png 768w, http:\/\/sdbts.yadmordekhai.com\/wp-content\/uploads\/2021\/04\/startpage-84x60.png 84w\" sizes=\"(max-width: 1278px) 100vw, 1278px\" \/><\/a><br \/>\n\t\t\t<\/figure>\n<h6>\n<h2>A propos du TP<\/h6>\n<p>\t\t\t\t\t\t\t\t\t\t\t\t<a href=\"\">Technologies utilis\u00e9es<\/a><\/p>\n<p>SGBDR:<br \/>PosgreSQL<\/p>\n<p>Fly Speed Query SQL<\/p>\n<p>Logiciels:<br \/>PgAdmin<\/p>\n<p>Langages:<br \/>SQL<\/p>\n<p>\t\t\t\t\t\t\t\t\t\t\t\t<a href=\"\">Objectifs<\/a><\/p>\n<p>Initiation au SQL<\/p>\n<p>Savoir interroger et manipuler une base de donn\u00e9es<\/p>\n<p>Modifier la structure d\u2019une base de donn\u00e9es en SQL et \u00eatre capable de cr\u00e9er des vues<\/p>\n<p>Manipuler et extraire les informations d\u2019une BDD en SQL et \u00eatre capable de modifier et d\u2019adapter des scripts existants et des\u00a0grandes quantit\u00e9s de donn\u00e9es simultan\u00e9ment<\/p>\n<p>\t\t\t\t\t\t\t\t\t\t\t\t<a href=\"\">Comp\u00e9tences<\/a><\/p>\n<p>Ce TP m\u2019a permis de mettre en pratique ce qui avait \u00e9t\u00e9 \u00e9tudi\u00e9 en cours, qui d\u2019ailleurs devint par la suite beaucoup plus clair. J\u2019ai pu apprendre \u00e0 ma\u00eetriser \u00e0 travers des exemples concrets, tout ce qu\u2019on avait appris sur le langage SQL.<\/p>\n<p>Concernant mes comp\u00e9tences, j\u2019ai pu acqu\u00e9rir une certaine aisance avec les requ\u00eates SQL et les bases de donn\u00e9es.<\/p>\n","protected":false},"excerpt":{"rendered":"<p>TP DE D\u00c9VELOPPEMENT WEB CONSISTANT \u00c0 CR\u00c9ER UN SITE INTERNET SUR SERVEUR LOCAL Contexte du site Ce TP consiste en la cr\u00e9ation d\u2019une base de donn\u00e9es \u00ab Tour de France \u00bb qui contient les caract\u00e9ristiques des joueurs, les diff\u00e9rentes \u00e9tapes, les gagnants de chaque \u00e9tape\u2026 et \u00e9galement a apprendre manipuler la BDD a notre volont\u00e9. J\u2019ai travaill\u00e9 avec pgAdmin qui &hellip; <\/p>\n","protected":false},"author":1,"featured_media":0,"parent":0,"menu_order":0,"comment_status":"closed","ping_status":"closed","template":"","meta":[],"_links":{"self":[{"href":"https:\/\/sarah.delahaye.pro\/index.php\/wp-json\/wp\/v2\/pages\/84"}],"collection":[{"href":"https:\/\/sarah.delahaye.pro\/index.php\/wp-json\/wp\/v2\/pages"}],"about":[{"href":"https:\/\/sarah.delahaye.pro\/index.php\/wp-json\/wp\/v2\/types\/page"}],"author":[{"embeddable":true,"href":"https:\/\/sarah.delahaye.pro\/index.php\/wp-json\/wp\/v2\/users\/1"}],"replies":[{"embeddable":true,"href":"https:\/\/sarah.delahaye.pro\/index.php\/wp-json\/wp\/v2\/comments?post=84"}],"version-history":[{"count":0,"href":"https:\/\/sarah.delahaye.pro\/index.php\/wp-json\/wp\/v2\/pages\/84\/revisions"}],"wp:attachment":[{"href":"https:\/\/sarah.delahaye.pro\/index.php\/wp-json\/wp\/v2\/media?parent=84"}],"curies":[{"name":"wp","href":"https:\/\/api.w.org\/{rel}","templated":true}]}}