{"id":83,"date":"2021-01-19T17:27:56","date_gmt":"2021-01-19T16:27:56","guid":{"rendered":"http:\/\/sdbts.yadmordekhai.com\/?page_id=83"},"modified":"2021-04-16T13:43:34","modified_gmt":"2021-04-16T11:43:34","slug":"nolark","status":"publish","type":"page","link":"https:\/\/sarah.delahaye.pro\/index.php\/nolark\/","title":{"rendered":"Nolark"},"content":{"rendered":"<h5>TP DE D\u00c9VELOPPEMENT WEB CONSISTANT \u00c0 CR\u00c9ER UN FAUX SITE DE VENTE DE CASQUES MOTO<\/h5>\n<h6>\n<h2>Contexte du site<\/h6>\n<p>Nolark est un site de vente de motos pour adultes et enfants. Tous les produits sont r\u00e9cup\u00e9r\u00e9s \u00e0 partir d\u2019une base de donn\u00e9es, pr\u00e9sente sur phpMyAdmin.<\/p>\n<p>De plus, le site met \u00e0 disposition: un simulateur de salaire pour les salari\u00e9s,\u00a0 de r\u00e9mun\u00e9ration pour le service de livraison, une application de calcul de l\u2019alcool\u00e9mie, ainsi qu\u2019un formulaire de contact.<\/p>\n<h6>\n<h2>Mes captures<\/h6>\n<h5>TP Nolark<\/h5>\n<figure class='gallery-item'>\n\t\t\t\t<a data-elementor-open-lightbox=\"yes\" data-elementor-lightbox-slideshow=\"4138d1a5\" data-elementor-lightbox-title=\"Apache NetBeans\" href='http:\/\/sdbts.yadmordekhai.com\/wp-content\/uploads\/2021\/04\/Apache.png'><img width=\"775\" height=\"271\" src=\"http:\/\/sdbts.yadmordekhai.com\/wp-content\/uploads\/2021\/04\/Apache.png\" alt=\"\" loading=\"lazy\" srcset=\"http:\/\/sdbts.yadmordekhai.com\/wp-content\/uploads\/2021\/04\/Apache.png 775w, http:\/\/sdbts.yadmordekhai.com\/wp-content\/uploads\/2021\/04\/Apache-300x105.png 300w, http:\/\/sdbts.yadmordekhai.com\/wp-content\/uploads\/2021\/04\/Apache-768x269.png 768w, http:\/\/sdbts.yadmordekhai.com\/wp-content\/uploads\/2021\/04\/Apache-172x60.png 172w\" sizes=\"(max-width: 775px) 100vw, 775px\" \/><\/a><br \/>\n\t\t\t<\/figure>\n<figure class='gallery-item'>\n\t\t\t\t<a data-elementor-open-lightbox=\"yes\" data-elementor-lightbox-slideshow=\"4138d1a5\" data-elementor-lightbox-title=\"Chargement de NetBeans\" href='http:\/\/sdbts.yadmordekhai.com\/wp-content\/uploads\/2021\/04\/Apacheloading.png'><img width=\"959\" height=\"598\" src=\"http:\/\/sdbts.yadmordekhai.com\/wp-content\/uploads\/2021\/04\/Apacheloading.png\" alt=\"\" loading=\"lazy\" srcset=\"http:\/\/sdbts.yadmordekhai.com\/wp-content\/uploads\/2021\/04\/Apacheloading.png 959w, http:\/\/sdbts.yadmordekhai.com\/wp-content\/uploads\/2021\/04\/Apacheloading-300x187.png 300w, http:\/\/sdbts.yadmordekhai.com\/wp-content\/uploads\/2021\/04\/Apacheloading-768x479.png 768w, http:\/\/sdbts.yadmordekhai.com\/wp-content\/uploads\/2021\/04\/Apacheloading-96x60.png 96w\" sizes=\"(max-width: 959px) 100vw, 959px\" \/><\/a><br \/>\n\t\t\t<\/figure>\n<figure class='gallery-item'>\n\t\t\t\t<a data-elementor-open-lightbox=\"yes\" data-elementor-lightbox-slideshow=\"4138d1a5\" data-elementor-lightbox-title=\"Page d&#039;acceuil Nolark\" href='http:\/\/sdbts.yadmordekhai.com\/wp-content\/uploads\/2021\/04\/2019-03-25-2-300x169-1.png'><img width=\"300\" height=\"169\" src=\"http:\/\/sdbts.yadmordekhai.com\/wp-content\/uploads\/2021\/04\/2019-03-25-2-300x169-1.png\" alt=\"\" loading=\"lazy\" srcset=\"http:\/\/sdbts.yadmordekhai.com\/wp-content\/uploads\/2021\/04\/2019-03-25-2-300x169-1.png 300w, http:\/\/sdbts.yadmordekhai.com\/wp-content\/uploads\/2021\/04\/2019-03-25-2-300x169-1-107x60.png 107w\" sizes=\"(max-width: 300px) 100vw, 300px\" \/><\/a><br \/>\n\t\t\t<\/figure>\n<figure class='gallery-item'>\n\t\t\t\t<a data-elementor-open-lightbox=\"yes\" data-elementor-lightbox-slideshow=\"4138d1a5\" data-elementor-lightbox-title=\"Exemple d&#039;une page de casques\" href='http:\/\/sdbts.yadmordekhai.com\/wp-content\/uploads\/2021\/04\/2019-03-25-4-300x169-1.png'><img width=\"300\" height=\"169\" src=\"http:\/\/sdbts.yadmordekhai.com\/wp-content\/uploads\/2021\/04\/2019-03-25-4-300x169-1.png\" alt=\"\" loading=\"lazy\" srcset=\"http:\/\/sdbts.yadmordekhai.com\/wp-content\/uploads\/2021\/04\/2019-03-25-4-300x169-1.png 300w, http:\/\/sdbts.yadmordekhai.com\/wp-content\/uploads\/2021\/04\/2019-03-25-4-300x169-1-107x60.png 107w\" sizes=\"(max-width: 300px) 100vw, 300px\" \/><\/a><br \/>\n\t\t\t<\/figure>\n<figure class='gallery-item'>\n\t\t\t\t<a data-elementor-open-lightbox=\"yes\" data-elementor-lightbox-slideshow=\"4138d1a5\" data-elementor-lightbox-title=\"Page nous contacter\" href='http:\/\/sdbts.yadmordekhai.com\/wp-content\/uploads\/2021\/04\/2019-03-25-3-1-300x169-1.png'><img width=\"300\" height=\"169\" src=\"http:\/\/sdbts.yadmordekhai.com\/wp-content\/uploads\/2021\/04\/2019-03-25-3-1-300x169-1.png\" alt=\"\" loading=\"lazy\" srcset=\"http:\/\/sdbts.yadmordekhai.com\/wp-content\/uploads\/2021\/04\/2019-03-25-3-1-300x169-1.png 300w, http:\/\/sdbts.yadmordekhai.com\/wp-content\/uploads\/2021\/04\/2019-03-25-3-1-300x169-1-107x60.png 107w\" sizes=\"(max-width: 300px) 100vw, 300px\" \/><\/a><br \/>\n\t\t\t<\/figure>\n<figure class='gallery-item'>\n\t\t\t\t<a data-elementor-open-lightbox=\"yes\" data-elementor-lightbox-slideshow=\"4138d1a5\" data-elementor-lightbox-title=\"Code Nolark\" href='http:\/\/sdbts.yadmordekhai.com\/wp-content\/uploads\/2021\/04\/codenetbeans-nolark-3-1080x540-1.png'><img width=\"1080\" height=\"540\" src=\"http:\/\/sdbts.yadmordekhai.com\/wp-content\/uploads\/2021\/04\/codenetbeans-nolark-3-1080x540-1.png\" alt=\"\" loading=\"lazy\" srcset=\"http:\/\/sdbts.yadmordekhai.com\/wp-content\/uploads\/2021\/04\/codenetbeans-nolark-3-1080x540-1.png 1080w, http:\/\/sdbts.yadmordekhai.com\/wp-content\/uploads\/2021\/04\/codenetbeans-nolark-3-1080x540-1-300x150.png 300w, http:\/\/sdbts.yadmordekhai.com\/wp-content\/uploads\/2021\/04\/codenetbeans-nolark-3-1080x540-1-1024x512.png 1024w, http:\/\/sdbts.yadmordekhai.com\/wp-content\/uploads\/2021\/04\/codenetbeans-nolark-3-1080x540-1-768x384.png 768w, http:\/\/sdbts.yadmordekhai.com\/wp-content\/uploads\/2021\/04\/codenetbeans-nolark-3-1080x540-1-120x60.png 120w\" sizes=\"(max-width: 1080px) 100vw, 1080px\" \/><\/a><br \/>\n\t\t\t<\/figure>\n<figure class='gallery-item'>\n\t\t\t\t<a data-elementor-open-lightbox=\"yes\" data-elementor-lightbox-slideshow=\"4138d1a5\" data-elementor-lightbox-title=\"Exemple d&#039;une autre page de casques\" href='http:\/\/sdbts.yadmordekhai.com\/wp-content\/uploads\/2021\/04\/casques.png'><img width=\"825\" height=\"540\" src=\"http:\/\/sdbts.yadmordekhai.com\/wp-content\/uploads\/2021\/04\/casques.png\" alt=\"\" loading=\"lazy\" srcset=\"http:\/\/sdbts.yadmordekhai.com\/wp-content\/uploads\/2021\/04\/casques.png 825w, http:\/\/sdbts.yadmordekhai.com\/wp-content\/uploads\/2021\/04\/casques-300x196.png 300w, http:\/\/sdbts.yadmordekhai.com\/wp-content\/uploads\/2021\/04\/casques-768x503.png 768w, http:\/\/sdbts.yadmordekhai.com\/wp-content\/uploads\/2021\/04\/casques-92x60.png 92w\" sizes=\"(max-width: 825px) 100vw, 825px\" \/><\/a><br \/>\n\t\t\t<\/figure>\n<h6>\n<h2>A propos du TP<\/h6>\n<p>\t\t\t\t\t\t\t\t\t\t\t\t<a href=\"\">Technologies utilis\u00e9es<\/a><\/p>\n<p>IDE:<br \/>NetBeans<\/p>\n<p>EDI:<br \/>JDK<\/p>\n<p>Langages:<br \/>HTML, CSS, Javascript, PHP<\/p>\n<p>\t\t\t\t\t\t\t\t\t\t\t\t<a href=\"\">Objectifs<\/a><\/p>\n<p>Initiation au HTML, CSS, Javascript et PHP<\/p>\n<p>Acqu\u00e9rir une exp\u00e9rience dans la configuration des outils et le d\u00e9veloppement<\/p>\n<p>Savoir coder sur NetBeans<\/p>\n<p>Comprendre le fonctionnement du traitement des fichiers par le navigateur<\/p>\n<p>Apprendre plusieurs outils de design de site web<\/p>\n<p>\t\t\t\t\t\t\t\t\t\t\t\t<a href=\"\">Comp\u00e9tences<\/a><\/p>\n<p>Ce TP m&rsquo;a permis d&rsquo;apprendre a coder sur NetBeans en html et css puis en php et en Javascript, tout en assurant un accompagnement dans la compr\u00e9hension et l&rsquo;apprentissage du code.<\/p>\n<p>De plus j&rsquo;ai \u00e9galement pu d\u00e9couvrir la r\u00e9cup\u00e9ration de donn\u00e9es a partir du base de donn\u00e9es et acqu\u00e9rir une aisance avec ces langages notamment le HTML.<\/p>\n","protected":false},"excerpt":{"rendered":"<p>TP DE D\u00c9VELOPPEMENT WEB CONSISTANT \u00c0 CR\u00c9ER UN FAUX SITE DE VENTE DE CASQUES MOTO Contexte du site Nolark est un site de vente de motos pour adultes et enfants. Tous les produits sont r\u00e9cup\u00e9r\u00e9s \u00e0 partir d\u2019une base de donn\u00e9es, pr\u00e9sente sur phpMyAdmin. De plus, le site met \u00e0 disposition: un simulateur de salaire pour les salari\u00e9s,\u00a0 de r\u00e9mun\u00e9ration &hellip; <\/p>\n","protected":false},"author":1,"featured_media":0,"parent":0,"menu_order":0,"comment_status":"closed","ping_status":"closed","template":"","meta":[],"_links":{"self":[{"href":"https:\/\/sarah.delahaye.pro\/index.php\/wp-json\/wp\/v2\/pages\/83"}],"collection":[{"href":"https:\/\/sarah.delahaye.pro\/index.php\/wp-json\/wp\/v2\/pages"}],"about":[{"href":"https:\/\/sarah.delahaye.pro\/index.php\/wp-json\/wp\/v2\/types\/page"}],"author":[{"embeddable":true,"href":"https:\/\/sarah.delahaye.pro\/index.php\/wp-json\/wp\/v2\/users\/1"}],"replies":[{"embeddable":true,"href":"https:\/\/sarah.delahaye.pro\/index.php\/wp-json\/wp\/v2\/comments?post=83"}],"version-history":[{"count":0,"href":"https:\/\/sarah.delahaye.pro\/index.php\/wp-json\/wp\/v2\/pages\/83\/revisions"}],"wp:attachment":[{"href":"https:\/\/sarah.delahaye.pro\/index.php\/wp-json\/wp\/v2\/media?parent=83"}],"curies":[{"name":"wp","href":"https:\/\/api.w.org\/{rel}","templated":true}]}}