{"id":7,"date":"2021-01-05T17:12:01","date_gmt":"2021-01-05T16:12:01","guid":{"rendered":"http:\/\/sdbts.yadmordekhai.com\/?page_id=7"},"modified":"2021-04-21T12:24:34","modified_gmt":"2021-04-21T10:24:34","slug":"a-propos-de","status":"publish","type":"page","link":"https:\/\/sarah.delahaye.pro\/index.php\/a-propos-de\/","title":{"rendered":"Mes TP"},"content":{"rendered":"<p>A PROPOS DE&#8230;<\/p>\n<h6>\n<h2>Mes TP <\/p>\n<h6><\/h6>\n<p>\t\t\t\t\t\t\t\t\t\t<img width=\"225\" height=\"225\" src=\"http:\/\/sdbts.yadmordekhai.com\/wp-content\/uploads\/2021\/02\/Nolark.jpg\" alt=\"\" loading=\"lazy\" srcset=\"http:\/\/sdbts.yadmordekhai.com\/wp-content\/uploads\/2021\/02\/Nolark.jpg 225w, http:\/\/sdbts.yadmordekhai.com\/wp-content\/uploads\/2021\/02\/Nolark-150x150.jpg 150w, http:\/\/sdbts.yadmordekhai.com\/wp-content\/uploads\/2021\/02\/Nolark-60x60.jpg 60w\" sizes=\"(max-width: 225px) 100vw, 225px\" \/>\t\t\t\t\t\t\t\t\t\t\t<\/p>\n<h4>TP Nolark<\/h4>\n<p>\t\t\t<a href=\"http:\/\/sdbts.yadmordekhai.com\/index.php\/nolark\/\" role=\"button\"><br \/>\n\t\t\t\t\t\tVoir plus&#8230;<br \/>\n\t\t\t\t\t<\/a><br \/>\n\t\t\t\t\t\t\t\t\t\t<img width=\"260\" height=\"194\" src=\"http:\/\/sdbts.yadmordekhai.com\/wp-content\/uploads\/2021\/02\/Urban.Marginal.jpg\" alt=\"\" loading=\"lazy\" srcset=\"http:\/\/sdbts.yadmordekhai.com\/wp-content\/uploads\/2021\/02\/Urban.Marginal.jpg 260w, http:\/\/sdbts.yadmordekhai.com\/wp-content\/uploads\/2021\/02\/Urban.Marginal-80x60.jpg 80w\" sizes=\"(max-width: 260px) 100vw, 260px\" \/>\t\t\t\t\t\t\t\t\t\t\t<\/p>\n<h4>TP Urban Marginal<\/h4>\n<p>\t\t\t<a href=\"http:\/\/sdbts.yadmordekhai.com\/index.php\/urban-marginal\/\" role=\"button\"><br \/>\n\t\t\t\t\t\tVoir plus&#8230;<br \/>\n\t\t\t\t\t<\/a><\/p>\n<p>Durant la premi\u00e8re et la deuxi\u00e8me ann\u00e9e, j&rsquo;ai \u00e9t\u00e9 amen\u00e9e a r\u00e9aliser des travaux pratiques (TP) dans diff\u00e9rentes mati\u00e8res, sur des sujets bien diff\u00e9rents et dans des langages vari\u00e9s.<\/p>\n<p>\t\t\t\t\t\t\t\t\t\t<img width=\"225\" height=\"225\" src=\"http:\/\/sdbts.yadmordekhai.com\/wp-content\/uploads\/2021\/02\/Tour.de_.France.png\" alt=\"\" loading=\"lazy\" srcset=\"http:\/\/sdbts.yadmordekhai.com\/wp-content\/uploads\/2021\/02\/Tour.de_.France.png 225w, http:\/\/sdbts.yadmordekhai.com\/wp-content\/uploads\/2021\/02\/Tour.de_.France-150x150.png 150w, http:\/\/sdbts.yadmordekhai.com\/wp-content\/uploads\/2021\/02\/Tour.de_.France-60x60.png 60w\" sizes=\"(max-width: 225px) 100vw, 225px\" \/>\t\t\t\t\t\t\t\t\t\t\t<\/p>\n<h4>TP Tour de France<\/h4>\n<p>\t\t\t<a href=\"http:\/\/sdbts.yadmordekhai.com\/index.php\/tour-de-france\/\" role=\"button\"><br \/>\n\t\t\t\t\t\tVoir plus&#8230;<br \/>\n\t\t\t\t\t<\/a><\/p>\n","protected":false},"excerpt":{"rendered":"<p>A PROPOS DE&#8230; Mes TP TP Nolark Voir plus&#8230; TP Urban Marginal Voir plus&#8230; Durant la premi\u00e8re et la deuxi\u00e8me ann\u00e9e, j&rsquo;ai \u00e9t\u00e9 amen\u00e9e a r\u00e9aliser des travaux pratiques (TP) dans diff\u00e9rentes mati\u00e8res, sur des sujets bien diff\u00e9rents et dans des langages vari\u00e9s. TP Tour de France Voir plus&#8230;<\/p>\n","protected":false},"author":1,"featured_media":0,"parent":0,"menu_order":0,"comment_status":"closed","ping_status":"closed","template":"","meta":[],"_links":{"self":[{"href":"https:\/\/sarah.delahaye.pro\/index.php\/wp-json\/wp\/v2\/pages\/7"}],"collection":[{"href":"https:\/\/sarah.delahaye.pro\/index.php\/wp-json\/wp\/v2\/pages"}],"about":[{"href":"https:\/\/sarah.delahaye.pro\/index.php\/wp-json\/wp\/v2\/types\/page"}],"author":[{"embeddable":true,"href":"https:\/\/sarah.delahaye.pro\/index.php\/wp-json\/wp\/v2\/users\/1"}],"replies":[{"embeddable":true,"href":"https:\/\/sarah.delahaye.pro\/index.php\/wp-json\/wp\/v2\/comments?post=7"}],"version-history":[{"count":0,"href":"https:\/\/sarah.delahaye.pro\/index.php\/wp-json\/wp\/v2\/pages\/7\/revisions"}],"wp:attachment":[{"href":"https:\/\/sarah.delahaye.pro\/index.php\/wp-json\/wp\/v2\/media?parent=7"}],"curies":[{"name":"wp","href":"https:\/\/api.w.org\/{rel}","templated":true}]}}