{"id":693,"date":"2021-03-18T13:47:32","date_gmt":"2021-03-18T12:47:32","guid":{"rendered":"http:\/\/sdbts.yadmordekhai.com\/?page_id=693"},"modified":"2021-06-01T19:48:03","modified_gmt":"2021-06-01T17:48:03","slug":"realite-virtuelle-et-augmentee","status":"publish","type":"page","link":"https:\/\/sarah.delahaye.pro\/index.php\/realite-virtuelle-et-augmentee\/","title":{"rendered":"R\u00e9alit\u00e9 virtuelle et augment\u00e9e"},"content":{"rendered":"<h4>D\u00e9finition<\/h4>\n<p>La\u00a0<b>r\u00e9alit\u00e9 augment\u00e9e<\/b>\u00a0(ou RA) est une technologie qui permet d&rsquo;int\u00e9grer des \u00e9l\u00e9ments virtuels en 3D (en temps r\u00e9el) au sein d&rsquo;un environnement r\u00e9el. Le principe est de combiner le\u00a0<b>virtuel<\/b>\u00a0et le <strong>r\u00e9el<\/strong> et donner l&rsquo;illusion d&rsquo;une int\u00e9gration parfaite \u00e0 l&rsquo;utilisateur.<\/p>\n<p>La r\u00e9alit\u00e9 virtuelle (RV) est une technique simulant un environnement en trois dimensions \u00e0 l&rsquo;aide d&rsquo;un ordinateur ; le monde ainsi cr\u00e9\u00e9.<\/p>\n<p>Donc, la\u00a0<b>r\u00e9alit\u00e9 augment\u00e9e<\/b> consiste essentiellement \u00e0 ajouter un contenu num\u00e9rique dans un environnement r\u00e9el alors que la <strong>r\u00e9alit\u00e9<\/strong> <b>virtuelle<\/b>\u00a0consiste \u00e0 ajouter un contenu physique dans un environnement\u00a0<b>virtuel<\/b>.<\/p>\n<figure><a href=\"https:\/\/www.artefacto-ar.com\/realite-virtuelle\/\" target=\"_blank\" rel=\"noopener\"><img width=\"1500\" height=\"1000\" src=\"http:\/\/sdbts.yadmordekhai.com\/wp-content\/uploads\/2021\/04\/Realite-virtuelle1500x1000.jpg\" alt=\"\" loading=\"lazy\" srcset=\"http:\/\/sdbts.yadmordekhai.com\/wp-content\/uploads\/2021\/04\/Realite-virtuelle1500x1000.jpg 1500w, http:\/\/sdbts.yadmordekhai.com\/wp-content\/uploads\/2021\/04\/Realite-virtuelle1500x1000-300x200.jpg 300w, http:\/\/sdbts.yadmordekhai.com\/wp-content\/uploads\/2021\/04\/Realite-virtuelle1500x1000-1024x683.jpg 1024w, http:\/\/sdbts.yadmordekhai.com\/wp-content\/uploads\/2021\/04\/Realite-virtuelle1500x1000-768x512.jpg 768w, http:\/\/sdbts.yadmordekhai.com\/wp-content\/uploads\/2021\/04\/Realite-virtuelle1500x1000-90x60.jpg 90w\" sizes=\"(max-width: 1500px) 100vw, 1500px\" \/><\/a><\/figure>\n<h5><a href=\"https:\/\/www.artefacto-ar.com\/realite-virtuelle\/\" target=\"_blank\" rel=\"noopener\">R\u00e9alit\u00e9 Virtuelle<\/a><\/h5>\n<p>Quand on parle de r\u00e9alit\u00e9 virtuelle aujourd\u2019hui, on pense imm\u00e9diatement aux casques VR qui se d\u00e9mocratisent de plus en plus dans un large panel de secteur : jeux vid\u00e9o, immobilier, industrie, \u00e9v\u00e8nementiel\u2026 Mais la r\u00e9alit\u00e9 virtuelle comprend en r\u00e9alit\u00e9 toutes les technologies plongeant un utilisateur dans un environnement artificiel, et ce quel que soit le sens impliqu\u00e9.<br \/>\nLa premi\u00e8re machine de r\u00e9alit\u00e9 virtuelle, datant de 1956, permet \u00e0 l\u2019utilisateur de ressentir des effets faisant appel \u00e0 plusieurs sens. <\/p>\n<figure><a href=\"https:\/\/www.artefacto-ar.com\/realite-augmentee\/\" target=\"_blank\" rel=\"noopener\"><img width=\"1371\" height=\"855\" src=\"http:\/\/sdbts.yadmordekhai.com\/wp-content\/uploads\/2021\/04\/realite-augmentee.jpg\" alt=\"\" loading=\"lazy\" srcset=\"http:\/\/sdbts.yadmordekhai.com\/wp-content\/uploads\/2021\/04\/realite-augmentee.jpg 1371w, http:\/\/sdbts.yadmordekhai.com\/wp-content\/uploads\/2021\/04\/realite-augmentee-300x187.jpg 300w, http:\/\/sdbts.yadmordekhai.com\/wp-content\/uploads\/2021\/04\/realite-augmentee-1024x639.jpg 1024w, http:\/\/sdbts.yadmordekhai.com\/wp-content\/uploads\/2021\/04\/realite-augmentee-768x479.jpg 768w, http:\/\/sdbts.yadmordekhai.com\/wp-content\/uploads\/2021\/04\/realite-augmentee-96x60.jpg 96w\" sizes=\"(max-width: 1371px) 100vw, 1371px\" \/><\/a><\/figure>\n<h5><a href=\"https:\/\/www.artefacto-ar.com\/realite-augmentee\/\" target=\"_blank\" rel=\"noopener\">R\u00e9alit\u00e9 augment\u00e9e<\/a><\/h5>\n<p>Le premier syst\u00e8me de r\u00e9alit\u00e9 augment\u00e9e fut con\u00e7u en 1968 par Ivan Sutherland, dans le cadre de recherches au MIT au sein de la prestigieuse universit\u00e9 de Boston. Il s\u2019agit \u00e0 l\u2019\u00e9poque d\u2019un casque disposant de deux lentilles au niveau des yeux. Celui-ci \u00e9tait reli\u00e9 \u00e0 l\u2019ordinateur gr\u00e2ce \u00e0 un bras articul\u00e9, d\u2019o\u00f9 le surnom qu\u2019on lui donne \u00e0 l\u2019\u00e9poque : \u00e9p\u00e9e de Damocl\u00e8s. Ce dispositif pose les bases de la r\u00e9alit\u00e9 augment\u00e9e.<\/p>\n<p>\t\t<iframe loading=\"lazy\" title=\"La r\u00e9alit\u00e9 virtuelle et la r\u00e9alit\u00e9 augment\u00e9e, en vrai | EPITA\" width=\"848\" height=\"477\" src=\"https:\/\/www.youtube.com\/embed\/WwKsStZRRe0?feature=oembed\" frameborder=\"0\" allow=\"accelerometer; autoplay; clipboard-write; encrypted-media; gyroscope; picture-in-picture\" allowfullscreen><\/iframe>\t\t<\/p>\n<h5>\n<h2>Tout savoir sur les m\u00e9tiers VR : les postes disponibles, les comp\u00e9tences requises&#8230;<\/h6>\n<\/h5>\n<p>Les <strong>nouvelles technologies<\/strong> cr\u00e9ent d\u2019innombrables m\u00e9tiers depuis quelques d\u00e9cennies. La<strong> r\u00e9alit\u00e9 virtuelle<\/strong> n\u2019est pas en reste. Bien qu\u2019elle soit encore assez <strong>r\u00e9cente<\/strong>, elle propose d\u00e9j\u00e0 pas mal <strong>d\u2019emplois<\/strong> au public. En plus d\u2019\u00eatre vari\u00e9s, ces derniers sont plut\u00f4t <strong>r\u00e9mun\u00e9rateurs<\/strong>. Voici quelques-uns des m\u00e9tiers VR les plus <strong>convoit\u00e9s<\/strong> du moment pour ceux qui souhaitent se lancer dans cet univers&#8230;<\/p>\n<p>\t\t\t<a href=\"https:\/\/www.realite-virtuelle.com\/tout-sur-les-metiers-vr\/\" target=\"_blank\" role=\"button\" rel=\"noopener\"><br \/>\n\t\t\t\t\t\tLire plus&#8230;<br \/>\n\t\t\t\t\t<\/a><br \/>\n\t\t\t\t\t\t\t\t\t\t\t\t<img width=\"800\" height=\"533\" src=\"http:\/\/sdbts.yadmordekhai.com\/wp-content\/uploads\/2021\/04\/realite-virtuelle-entreprise.jpg\" alt=\"\" loading=\"lazy\" srcset=\"http:\/\/sdbts.yadmordekhai.com\/wp-content\/uploads\/2021\/04\/realite-virtuelle-entreprise.jpg 800w, http:\/\/sdbts.yadmordekhai.com\/wp-content\/uploads\/2021\/04\/realite-virtuelle-entreprise-300x200.jpg 300w, http:\/\/sdbts.yadmordekhai.com\/wp-content\/uploads\/2021\/04\/realite-virtuelle-entreprise-768x512.jpg 768w, http:\/\/sdbts.yadmordekhai.com\/wp-content\/uploads\/2021\/04\/realite-virtuelle-entreprise-90x60.jpg 90w\" sizes=\"(max-width: 800px) 100vw, 800px\" \/><br \/>\n\t\t\t\t\t\t\t\t\t\t\t\t<img width=\"800\" height=\"450\" src=\"http:\/\/sdbts.yadmordekhai.com\/wp-content\/uploads\/2021\/06\/metiers-rv.jpg\" alt=\"\" loading=\"lazy\" srcset=\"http:\/\/sdbts.yadmordekhai.com\/wp-content\/uploads\/2021\/06\/metiers-rv.jpg 800w, http:\/\/sdbts.yadmordekhai.com\/wp-content\/uploads\/2021\/06\/metiers-rv-300x169.jpg 300w, http:\/\/sdbts.yadmordekhai.com\/wp-content\/uploads\/2021\/06\/metiers-rv-768x432.jpg 768w, http:\/\/sdbts.yadmordekhai.com\/wp-content\/uploads\/2021\/06\/metiers-rv-107x60.jpg 107w\" sizes=\"(max-width: 800px) 100vw, 800px\" \/>\t\t\t\t\t\t\t\t\t\t\t\t\t\t<\/p>\n<h2>Formations VR : focus sur les cursus disponibles en France<\/h2>\n<p>Les <strong>formations VR<\/strong> ne cessent en ce moment de se <strong>pluraliser<\/strong> en France. Elles s\u2019adressent bien entendu aux \u00e9tudiants qui seraient <strong>int\u00e9ress\u00e9s<\/strong> et <strong>passionn\u00e9s<\/strong> particuli\u00e8rement par le monde de la <strong>r\u00e9alit\u00e9 virtuelle<\/strong>. Ils ont en g\u00e9n\u00e9ral le choix entre des <strong>masters<\/strong> et des <strong>formations professionnelles<\/strong>. Voici la liste de ces fameuses <strong>formations<\/strong> pour \u00e9clairer ceux qui souhaitent s\u2019y lancer.<\/p>\n<p>\t\t\t<a href=\"https:\/\/www.realite-virtuelle.com\/formations-vr-en-france\/\" target=\"_blank\" role=\"button\" rel=\"noopener\"><br \/>\n\t\t\t\t\t\tLire plus&#8230;<br \/>\n\t\t\t\t\t<\/a><\/p>\n<h5>\n<h2>Les robots de Boston Dynamics se sont entra\u00een\u00e9s avec l\u2019arm\u00e9e fran\u00e7aise<\/h6>\n<\/h5>\n<p>\t\tL\u2019\u00e9cole sp\u00e9ciale militaire de <strong>Saint-Cyr<\/strong> s\u2019est entra\u00een\u00e9e aux c\u00f4t\u00e9s de plusieurs <strong>robots<\/strong>, dont <strong>Spot<\/strong>, le chien de <strong>Boston Dynamics<\/strong>.<br \/>\n<br \/>\nLes conflits arm\u00e9s de demain verront-ils s\u2019affronter les robots ? Apr\u00e8s l\u2019<strong>arm\u00e9e am\u00e9ricaine<\/strong>, c\u2019est au tour de l\u2019arm\u00e9e fran\u00e7aise de <strong>s\u2019entra\u00eener<\/strong> aux c\u00f4t\u00e9s des <strong>machines autonomes<\/strong> de Boston Dynamics. Un exercice un peu particulier men\u00e9 les 30 et 31 mars derniers par <strong>l\u2019\u00e9cole sp\u00e9ciale militaire de Saint-Cyr<\/strong> (ESM).<br \/>\n\t\t\t<a href=\"https:\/\/www.journaldugeek.com\/2021\/04\/08\/les-robots-de-boston-dynamics-se-sont-entraines-avec-larmee-francaise\/\" target=\"_blank\" role=\"button\" rel=\"noopener\"><br \/>\n\t\t\t\t\t\tLire plus&#8230;<br \/>\n\t\t\t\t\t<\/a><br \/>\n\t\t\t\t\t\t\t\t\t\t\t\t<img width=\"800\" height=\"437\" src=\"http:\/\/sdbts.yadmordekhai.com\/wp-content\/uploads\/2021\/04\/spot.jpg\" alt=\"\" loading=\"lazy\" srcset=\"http:\/\/sdbts.yadmordekhai.com\/wp-content\/uploads\/2021\/04\/spot.jpg 800w, http:\/\/sdbts.yadmordekhai.com\/wp-content\/uploads\/2021\/04\/spot-300x164.jpg 300w, http:\/\/sdbts.yadmordekhai.com\/wp-content\/uploads\/2021\/04\/spot-768x420.jpg 768w, http:\/\/sdbts.yadmordekhai.com\/wp-content\/uploads\/2021\/04\/spot-110x60.jpg 110w\" sizes=\"(max-width: 800px) 100vw, 800px\" \/><br \/>\n\t\t<iframe loading=\"lazy\" title=\"Spot: Available Now\" width=\"848\" height=\"477\" src=\"https:\/\/www.youtube.com\/embed\/PmPruFdp3WA?feature=oembed\" frameborder=\"0\" allow=\"accelerometer; autoplay; clipboard-write; encrypted-media; gyroscope; picture-in-picture\" allowfullscreen><\/iframe><br \/>\n\t\t\t\t\t\t\t\t\t\t\t\t<img width=\"790\" height=\"567\" src=\"http:\/\/sdbts.yadmordekhai.com\/wp-content\/uploads\/2021\/04\/Arme\u0301e-soldat-augmente\u0301.jpg\" alt=\"\" loading=\"lazy\" srcset=\"http:\/\/sdbts.yadmordekhai.com\/wp-content\/uploads\/2021\/04\/Arme\u0301e-soldat-augmente\u0301.jpg 790w, http:\/\/sdbts.yadmordekhai.com\/wp-content\/uploads\/2021\/04\/Arme\u0301e-soldat-augmente\u0301-300x215.jpg 300w, http:\/\/sdbts.yadmordekhai.com\/wp-content\/uploads\/2021\/04\/Arme\u0301e-soldat-augmente\u0301-768x551.jpg 768w, http:\/\/sdbts.yadmordekhai.com\/wp-content\/uploads\/2021\/04\/Arme\u0301e-soldat-augmente\u0301-84x60.jpg 84w\" sizes=\"(max-width: 790px) 100vw, 790px\" \/>\t\t\t\t\t\t\t\t\t\t\t\t\t\t<\/p>\n<h2>\u00abLa pratique du \u201csoldat augment\u00e9\u201d devra \u00eatre entour\u00e9e de garanties pour pr\u00e9venir toute d\u00e9rive<\/h2>\n<p>La France aborde la perspective du \u00ab\u00a0<strong>soldat augment\u00e9\u00a0<\/strong>\u00bb d\u2019une mani\u00e8re conforme \u00e0 son <strong>\u00e9thique militaire<\/strong>, estiment, dans une tribune au \u00ab\u00a0Monde\u00a0\u00bb, Bernard P\u00eacheur et Henri Bent\u00e9geat, pr\u00e9sident et vice-pr\u00e9sident du Comit\u00e9 d\u2019\u00e9thique de la d\u00e9fense.<\/p>\n<p>\t\t\t<a href=\"https:\/\/www.lemonde.fr\/idees\/article\/2021\/03\/15\/la-pratique-du-soldat-augmente-devra-etre-entouree-de-garanties-pour-prevenir-toute-derive_6073133_3232.html\" target=\"_blank\" role=\"button\" rel=\"noopener\"><br \/>\n\t\t\t\t\t\tLire plus&#8230;<br \/>\n\t\t\t\t\t<\/a><\/p>\n<h5>\n<h2>R\u00e9alit\u00e9 augment\u00e9e: Microsoft invente l&rsquo;holoportation<\/h6>\n<\/h5>\n<p>C&rsquo;est sans doute la <strong>prochaine r\u00e9volution<\/strong> en mati\u00e8re de <strong>t\u00e9l\u00e9travail<\/strong>, de collaboration \u00e0 distance, mais aussi en mati\u00e8re de <strong>spectacle<\/strong>. Microsoft vient de d\u00e9voiler <strong>Mesh<\/strong>, un syst\u00e8me bas\u00e9 sur son casque Hololens 2 et la <strong>r\u00e9alit\u00e9 augment\u00e9e<\/strong> qui permet de se \u00ab<strong>t\u00e9l\u00e9porter<\/strong>\u00bb.<\/p>\n<p>\t\t\t<a href=\"https:\/\/www.cnews.fr\/vie-numerique\/2021-03-13\/realite-augmentee-microsoft-invente-lholoportation-1057579\" target=\"_blank\" role=\"button\" rel=\"noopener\"><br \/>\n\t\t\t\t\t\tLire plus&#8230;<br \/>\n\t\t\t\t\t<\/a><br \/>\n\t\t\t\t\t\t\t\t\t\t\t\t<img width=\"1280\" height=\"720\" src=\"http:\/\/sdbts.yadmordekhai.com\/wp-content\/uploads\/2021\/04\/microsoft-mesh-realite-augmentee.jpg\" alt=\"\" loading=\"lazy\" srcset=\"http:\/\/sdbts.yadmordekhai.com\/wp-content\/uploads\/2021\/04\/microsoft-mesh-realite-augmentee.jpg 1280w, http:\/\/sdbts.yadmordekhai.com\/wp-content\/uploads\/2021\/04\/microsoft-mesh-realite-augmentee-300x169.jpg 300w, http:\/\/sdbts.yadmordekhai.com\/wp-content\/uploads\/2021\/04\/microsoft-mesh-realite-augmentee-1024x576.jpg 1024w, http:\/\/sdbts.yadmordekhai.com\/wp-content\/uploads\/2021\/04\/microsoft-mesh-realite-augmentee-768x432.jpg 768w, http:\/\/sdbts.yadmordekhai.com\/wp-content\/uploads\/2021\/04\/microsoft-mesh-realite-augmentee-107x60.jpg 107w\" sizes=\"(max-width: 1280px) 100vw, 1280px\" \/><br \/>\n\t\t\t\t\t\t\t\t\t\t\t\t<img width=\"1000\" height=\"562\" src=\"http:\/\/sdbts.yadmordekhai.com\/wp-content\/uploads\/2021\/04\/google-webxr.jpg\" alt=\"\" loading=\"lazy\" srcset=\"http:\/\/sdbts.yadmordekhai.com\/wp-content\/uploads\/2021\/04\/google-webxr.jpg 1000w, http:\/\/sdbts.yadmordekhai.com\/wp-content\/uploads\/2021\/04\/google-webxr-300x169.jpg 300w, http:\/\/sdbts.yadmordekhai.com\/wp-content\/uploads\/2021\/04\/google-webxr-768x432.jpg 768w, http:\/\/sdbts.yadmordekhai.com\/wp-content\/uploads\/2021\/04\/google-webxr-107x60.jpg 107w\" sizes=\"(max-width: 1000px) 100vw, 1000px\" \/>\t\t\t\t\t\t\t\t\t\t\t\t\t\t<\/p>\n<h2>Google lance WebXR, m\u00ealant r\u00e9alit\u00e9 virtuelle et augment\u00e9e<\/h2>\n<p>Explorer la Terre ou encore mesurer des distances \u00e0 l&rsquo;aide de notre smartphone\u00a0? C&rsquo;est d\u00e9sormais possible gr\u00e2ce \u00e0 la nouvelle <strong>application exp\u00e9rimentale de\u00a0Google<\/strong>, intitul\u00e9e\u00a0<strong>WebXR<\/strong>. Celle-ci combine les technologies de\u00a0<strong>r\u00e9alit\u00e9 augment\u00e9e\u00a0<\/strong>(AR) et de\u00a0<strong>r\u00e9alit\u00e9 virtuelle<\/strong>\u00a0(VR) afin de multiplier les interactions avec le monde r\u00e9el. La firme de Mountain View d\u00e9voile ainsi <strong>quatre outils<\/strong>, certains avec un aspect utilitaire, \u00ab<em>pour faire avancer les choses<\/em>\u00bb et d&rsquo;autres proposant des \u00ab<em>exp\u00e9riences ludiques et immersives<\/em>\u00bb, pr\u00e9cise Google dans un\u00a0post de blog.<\/p>\n<p>\t\t\t<a href=\"https:\/\/www.lefigaro.fr\/secteur\/high-tech\/google-lance-webxr-melant-realite-virtuelle-et-augmentee-20210408\" target=\"_blank\" role=\"button\" rel=\"noopener\"><br \/>\n\t\t\t\t\t\tLire plus&#8230;<br \/>\n\t\t\t\t\t<\/a><\/p>\n<h5>\n<h2>R\u00e9alit\u00e9 augment\u00e9e: comment Facebook veut mettre votre poignet au centre de tout<\/h6>\n<\/h5>\n<p>\t\tLa division Facebook Reality Labs a d\u00e9voil\u00e9 l&rsquo;un de ses projets les plus bluffants : une <strong>interface de r\u00e9alit\u00e9 augment\u00e9e<\/strong> bas\u00e9e sur des <strong>interactions au poignet<\/strong>.<br \/>\n<br \/>\nFacebook a d\u00e9cid\u00e9 d\u2019acc\u00e9l\u00e9rer sur ses travaux de recherches sur la <strong>r\u00e9alit\u00e9 augment\u00e9e<\/strong> et sur la <strong>r\u00e9alit\u00e9 virtuelle<\/strong>. Port\u00e9s par les Facebook Reality Labs, les diff\u00e9rents projets font r\u00e9guli\u00e8rement parler d\u2019eux, m\u00eame si la majorit\u00e9 reste <strong>secr\u00e8te<\/strong>.<br \/>\n\t\t\t<a href=\"https:\/\/www.frandroid.com\/marques\/facebook\/876851_realite-augmentee-comment-facebook-veut-mettre-votre-poignet-au-centre-de-tout\" target=\"_blank\" role=\"button\" rel=\"noopener\"><br \/>\n\t\t\t\t\t\tLire plus&#8230;<br \/>\n\t\t\t\t\t<\/a><br \/>\n\t\t\t\t\t\t\t\t\t\t\t\t<img width=\"1200\" height=\"675\" src=\"http:\/\/sdbts.yadmordekhai.com\/wp-content\/uploads\/2021\/04\/facebookRA.jpg\" alt=\"\" loading=\"lazy\" srcset=\"http:\/\/sdbts.yadmordekhai.com\/wp-content\/uploads\/2021\/04\/facebookRA.jpg 1200w, http:\/\/sdbts.yadmordekhai.com\/wp-content\/uploads\/2021\/04\/facebookRA-300x169.jpg 300w, http:\/\/sdbts.yadmordekhai.com\/wp-content\/uploads\/2021\/04\/facebookRA-1024x576.jpg 1024w, http:\/\/sdbts.yadmordekhai.com\/wp-content\/uploads\/2021\/04\/facebookRA-768x432.jpg 768w, http:\/\/sdbts.yadmordekhai.com\/wp-content\/uploads\/2021\/04\/facebookRA-107x60.jpg 107w\" sizes=\"(max-width: 1200px) 100vw, 1200px\" \/><br \/>\n\t\t\t\t\t\t\t\t\t\t\t\t<img width=\"331\" height=\"219\" src=\"http:\/\/sdbts.yadmordekhai.com\/wp-content\/uploads\/2021\/04\/spectacles.jpg\" alt=\"\" loading=\"lazy\" srcset=\"http:\/\/sdbts.yadmordekhai.com\/wp-content\/uploads\/2021\/04\/spectacles.jpg 331w, http:\/\/sdbts.yadmordekhai.com\/wp-content\/uploads\/2021\/04\/spectacles-300x198.jpg 300w, http:\/\/sdbts.yadmordekhai.com\/wp-content\/uploads\/2021\/04\/spectacles-91x60.jpg 91w\" sizes=\"(max-width: 331px) 100vw, 331px\" \/>\t\t\t\t\t\t\t\t\t\t\t\t\t\t<\/p>\n<h2>Snapchat pr\u00e9pare de nouvelles lunettes de r\u00e9alit\u00e9 augment\u00e9e et un drone<\/h2>\n<p>\t\tLe r\u00e9seau social revient \u00e0 la charge avec un nouveau projet de<strong> lunettes connect\u00e9es<\/strong> avec cette fois-ci de la <strong>r\u00e9alit\u00e9 augment\u00e9e<\/strong>.<br \/>\n<br \/>\nAujourd\u2019hui, Snapchat compte plus de\u00a0<strong>265 millions d\u2019utilisateurs\u00a0<\/strong>\u00e0 travers le monde. Outre une plateforme permettant aux utilisateurs de <strong>partager rapidement<\/strong> des <strong>photos<\/strong> et des <strong>vid\u00e9os<\/strong>, le r\u00e9seau social dispose depuis quelques ann\u00e9es d\u2019un produit compl\u00e9mentaire : les <strong>lunettes connect\u00e9es Spectacles<\/strong><br \/>\n\t\t\t<a href=\"\" target=\"_blank\" role=\"button\" rel=\"noopener\"><br \/>\n\t\t\t\t\t\tLire plus&#8230;<br \/>\n\t\t\t\t\t<\/a><\/p>\n","protected":false},"excerpt":{"rendered":"<p>D\u00e9finition La\u00a0r\u00e9alit\u00e9 augment\u00e9e\u00a0(ou RA) est une technologie qui permet d&rsquo;int\u00e9grer des \u00e9l\u00e9ments virtuels en 3D (en temps r\u00e9el) au sein d&rsquo;un environnement r\u00e9el. Le principe est de combiner le\u00a0virtuel\u00a0et le r\u00e9el et donner l&rsquo;illusion d&rsquo;une int\u00e9gration parfaite \u00e0 l&rsquo;utilisateur. La r\u00e9alit\u00e9 virtuelle (RV) est une technique simulant un environnement en trois dimensions \u00e0 l&rsquo;aide d&rsquo;un ordinateur ; le monde ainsi &hellip; <\/p>\n","protected":false},"author":1,"featured_media":0,"parent":0,"menu_order":0,"comment_status":"closed","ping_status":"closed","template":"","meta":[],"_links":{"self":[{"href":"https:\/\/sarah.delahaye.pro\/index.php\/wp-json\/wp\/v2\/pages\/693"}],"collection":[{"href":"https:\/\/sarah.delahaye.pro\/index.php\/wp-json\/wp\/v2\/pages"}],"about":[{"href":"https:\/\/sarah.delahaye.pro\/index.php\/wp-json\/wp\/v2\/types\/page"}],"author":[{"embeddable":true,"href":"https:\/\/sarah.delahaye.pro\/index.php\/wp-json\/wp\/v2\/users\/1"}],"replies":[{"embeddable":true,"href":"https:\/\/sarah.delahaye.pro\/index.php\/wp-json\/wp\/v2\/comments?post=693"}],"version-history":[{"count":0,"href":"https:\/\/sarah.delahaye.pro\/index.php\/wp-json\/wp\/v2\/pages\/693\/revisions"}],"wp:attachment":[{"href":"https:\/\/sarah.delahaye.pro\/index.php\/wp-json\/wp\/v2\/media?parent=693"}],"curies":[{"name":"wp","href":"https:\/\/api.w.org\/{rel}","templated":true}]}}