{"id":33,"date":"2021-01-05T19:13:17","date_gmt":"2021-01-05T18:13:17","guid":{"rendered":"http:\/\/sdbts.yadmordekhai.com\/?page_id=33"},"modified":"2021-04-21T12:31:13","modified_gmt":"2021-04-21T10:31:13","slug":"veille-technologique","status":"publish","type":"page","link":"https:\/\/sarah.delahaye.pro\/index.php\/veille-technologique\/","title":{"rendered":"Veille technologique"},"content":{"rendered":"<p>A PROPOS DE&#8230;<\/p>\n<h6>\n<h2> Mes veilles technologiques <\/p>\n<h6><\/h6>\n<p>\t\t\t\t\t\t\t\t\t\t\t<a href=\"http:\/\/sdbts.yadmordekhai.com\/index.php\/realite-virtuelle-et-augmentee\/\"><br \/>\n\t\t\t\t\t\t\t<img width=\"848\" height=\"424\" src=\"http:\/\/sdbts.yadmordekhai.com\/wp-content\/uploads\/2021\/03\/Realite-Virtuelle-ou-Augmentee-1024x512.jpg\" alt=\"\" loading=\"lazy\" srcset=\"http:\/\/sdbts.yadmordekhai.com\/wp-content\/uploads\/2021\/03\/Realite-Virtuelle-ou-Augmentee-1024x512.jpg 1024w, http:\/\/sdbts.yadmordekhai.com\/wp-content\/uploads\/2021\/03\/Realite-Virtuelle-ou-Augmentee-300x150.jpg 300w, http:\/\/sdbts.yadmordekhai.com\/wp-content\/uploads\/2021\/03\/Realite-Virtuelle-ou-Augmentee-768x384.jpg 768w, http:\/\/sdbts.yadmordekhai.com\/wp-content\/uploads\/2021\/03\/Realite-Virtuelle-ou-Augmentee-120x60.jpg 120w, http:\/\/sdbts.yadmordekhai.com\/wp-content\/uploads\/2021\/03\/Realite-Virtuelle-ou-Augmentee.jpg 1280w\" sizes=\"(max-width: 848px) 100vw, 848px\" \/>\t\t\t\t\t\t\t\t<\/a><\/p>\n<h2><a href=\"http:\/\/sdbts.yadmordekhai.com\/index.php\/realite-virtuelle-et-augmentee\/\">R\u00e9alit\u00e9 virtuelle et augment\u00e9e<\/a><\/h2>\n<p>Depuis quelque temps d\u00e9j\u00e0, la r\u00e9alit\u00e9 virtuelle a pris place dans nos vies. Un progr\u00e8s cr\u00e9ant l&rsquo;image d&rsquo;une nouvelle r\u00e9alit\u00e9 plus attrayante, permettant de s&rsquo;\u00e9vader. La r\u00e9alit\u00e9 augment\u00e9e, elle, permet d&rsquo;ajouter des \u00e9l\u00e9ments dans notre quotidien. Quelle est la diff\u00e9rence entre ces deux r\u00e9alit\u00e9s et quels avantages peuvent elles nous procurer ?<\/p>\n<p>De nos jours, tout est informatis\u00e9 m\u00eame la m\u00e9decine. Seulement l&rsquo;informatique, bien qu&rsquo;ayant un aspect bien pratique pour les \u00e9tablissements de la sante, pr\u00e9sente encore de risques comme le vol de donn\u00e9es ou des cyber-attaques en tous genres.<\/p>\n<h2><a href=\"http:\/\/sdbts.yadmordekhai.com\/index.php\/informatique-et-sante\/\">Informatique et sant\u00e9<\/a><\/h2>\n<p>\t\t\t\t\t\t\t\t\t\t\t<a href=\"http:\/\/sdbts.yadmordekhai.com\/index.php\/informatique-et-sante\/\"><br \/>\n\t\t\t\t\t\t\t<img width=\"750\" height=\"511\" src=\"http:\/\/sdbts.yadmordekhai.com\/wp-content\/uploads\/2021\/03\/informatique_e-sante.png\" alt=\"\" loading=\"lazy\" srcset=\"http:\/\/sdbts.yadmordekhai.com\/wp-content\/uploads\/2021\/03\/informatique_e-sante.png 750w, http:\/\/sdbts.yadmordekhai.com\/wp-content\/uploads\/2021\/03\/informatique_e-sante-300x204.png 300w, http:\/\/sdbts.yadmordekhai.com\/wp-content\/uploads\/2021\/03\/informatique_e-sante-88x60.png 88w\" sizes=\"(max-width: 750px) 100vw, 750px\" \/>\t\t\t\t\t\t\t\t<\/a><br \/>\n\t\t\t\t\t\t\t\t\t\t\t<a href=\"http:\/\/sdbts.yadmordekhai.com\/index.php\/jeux-videos\/\"><br \/>\n\t\t\t\t\t\t\t<img width=\"1000\" height=\"667\" src=\"http:\/\/sdbts.yadmordekhai.com\/wp-content\/uploads\/2021\/03\/jeuxvideo2.jpg\" alt=\"\" loading=\"lazy\" srcset=\"http:\/\/sdbts.yadmordekhai.com\/wp-content\/uploads\/2021\/03\/jeuxvideo2.jpg 1000w, http:\/\/sdbts.yadmordekhai.com\/wp-content\/uploads\/2021\/03\/jeuxvideo2-300x200.jpg 300w, http:\/\/sdbts.yadmordekhai.com\/wp-content\/uploads\/2021\/03\/jeuxvideo2-768x512.jpg 768w, http:\/\/sdbts.yadmordekhai.com\/wp-content\/uploads\/2021\/03\/jeuxvideo2-90x60.jpg 90w\" sizes=\"(max-width: 1000px) 100vw, 1000px\" \/>\t\t\t\t\t\t\t\t<\/a><\/p>\n<h2><a href=\"http:\/\/sdbts.yadmordekhai.com\/index.php\/jeux-videos\/\">Les Jeux vid\u00e9os<\/a><\/h2>\n<p>Dans le domaine des jeux vid\u00e9os, nous pouvons apprendre de nombreuses choses mais le point essentiel est que la soci\u00e9t\u00e9 et le divertissement ont \u00e9volu\u00e9s et sont, aujourd&rsquo;hui encore, en pleine \u00e9volution. A nous de suivre le rythme et de comprendre la fi\u00e8vre des jeux vid\u00e9os et son impact.<\/p>\n","protected":false},"excerpt":{"rendered":"<p>A PROPOS DE&#8230; Mes veilles technologiques R\u00e9alit\u00e9 virtuelle et augment\u00e9e Depuis quelque temps d\u00e9j\u00e0, la r\u00e9alit\u00e9 virtuelle a pris place dans nos vies. Un progr\u00e8s cr\u00e9ant l&rsquo;image d&rsquo;une nouvelle r\u00e9alit\u00e9 plus attrayante, permettant de s&rsquo;\u00e9vader. La r\u00e9alit\u00e9 augment\u00e9e, elle, permet d&rsquo;ajouter des \u00e9l\u00e9ments dans notre quotidien. Quelle est la diff\u00e9rence entre ces deux r\u00e9alit\u00e9s et quels avantages peuvent elles nous &hellip; <\/p>\n","protected":false},"author":1,"featured_media":0,"parent":0,"menu_order":0,"comment_status":"closed","ping_status":"closed","template":"","meta":[],"_links":{"self":[{"href":"https:\/\/sarah.delahaye.pro\/index.php\/wp-json\/wp\/v2\/pages\/33"}],"collection":[{"href":"https:\/\/sarah.delahaye.pro\/index.php\/wp-json\/wp\/v2\/pages"}],"about":[{"href":"https:\/\/sarah.delahaye.pro\/index.php\/wp-json\/wp\/v2\/types\/page"}],"author":[{"embeddable":true,"href":"https:\/\/sarah.delahaye.pro\/index.php\/wp-json\/wp\/v2\/users\/1"}],"replies":[{"embeddable":true,"href":"https:\/\/sarah.delahaye.pro\/index.php\/wp-json\/wp\/v2\/comments?post=33"}],"version-history":[{"count":0,"href":"https:\/\/sarah.delahaye.pro\/index.php\/wp-json\/wp\/v2\/pages\/33\/revisions"}],"wp:attachment":[{"href":"https:\/\/sarah.delahaye.pro\/index.php\/wp-json\/wp\/v2\/media?parent=33"}],"curies":[{"name":"wp","href":"https:\/\/api.w.org\/{rel}","templated":true}]}}