{"id":307,"date":"2021-03-03T19:08:27","date_gmt":"2021-03-03T18:08:27","guid":{"rendered":"http:\/\/sdbts.yadmordekhai.com\/?page_id=307"},"modified":"2021-04-02T12:33:13","modified_gmt":"2021-04-02T10:33:13","slug":"informatique-et-sante","status":"publish","type":"page","link":"https:\/\/sarah.delahaye.pro\/index.php\/informatique-et-sante\/","title":{"rendered":"Informatique et sant\u00e9"},"content":{"rendered":"<h4>D\u00e9finition<\/h4>\n<p>Selon Le Parisien qui nous renvoie vers Wikip\u00e9dia, l&rsquo;informatique m\u00e9dicale est l&rsquo;application des techniques issues de l&rsquo;informatique au domaine m\u00e9dical. L&rsquo;informatique m\u00e9dicale est une science \u00e0 part enti\u00e8re. Aux confluents des sciences de l&rsquo;information et de la m\u00e9decine, elle vise \u00e0 proposer sa contribution pour la compr\u00e9hension des m\u00e9canismes d&rsquo;interpr\u00e9tation et de raisonnement m\u00e9dical, d&rsquo;abstraction et d&rsquo;\u00e9laboration des connaissances, de m\u00e9morisation et d&rsquo;apprentissage. La science du traitement de l&rsquo;information m\u00e9dicale touche aux fondements m\u00eames de la m\u00e9decine.<\/p>\n<figure><a href=\"https:\/\/www.intersystems.com\/impulsions-blog-bnl\/l-evolution-de-l-informatique-dans-le-secteur-des-soins-de-sante\/\" target=\"_blank\" rel=\"noopener noreferrer\"><img width=\"408\" height=\"447\" src=\"http:\/\/sdbts.yadmordekhai.com\/wp-content\/uploads\/2021\/03\/info-et-sante.png\" alt=\"\" loading=\"lazy\" srcset=\"http:\/\/sdbts.yadmordekhai.com\/wp-content\/uploads\/2021\/03\/info-et-sante.png 408w, http:\/\/sdbts.yadmordekhai.com\/wp-content\/uploads\/2021\/03\/info-et-sante-274x300.png 274w, http:\/\/sdbts.yadmordekhai.com\/wp-content\/uploads\/2021\/03\/info-et-sante-55x60.png 55w\" sizes=\"(max-width: 408px) 100vw, 408px\" \/><\/a><\/figure>\n<h5><a href=\"https:\/\/www.intersystems.com\/impulsions-blog-bnl\/l-evolution-de-l-informatique-dans-le-secteur-des-soins-de-sante\/\" target=\"_blank\" rel=\"noopener noreferrer\">L\u2019\u00e9volution de l\u2019informatique dans la sant\u00e9<\/a><\/h5>\n<p>Le secteur des soins de sant\u00e9 se sert de plus en plus de l\u2019informatique. Non seulement pour simplifier les processus et traiter les donn\u00e9es\u2009; mais le patient et son praticien utilisent de plus en plus d\u2019applis et de portails en ligne. <\/p>\n<figure><a href=\"http:\/\/www.blogofficielfr.com\/article\/les-avancees-de-linformatique-dans-le-secteur-medical\" target=\"_blank\" rel=\"noopener noreferrer\"><img width=\"2500\" height=\"2500\" src=\"http:\/\/sdbts.yadmordekhai.com\/wp-content\/uploads\/2021\/03\/imforsante.jpg\" alt=\"\" loading=\"lazy\" srcset=\"http:\/\/sdbts.yadmordekhai.com\/wp-content\/uploads\/2021\/03\/imforsante.jpg 2500w, http:\/\/sdbts.yadmordekhai.com\/wp-content\/uploads\/2021\/03\/imforsante-300x300.jpg 300w, http:\/\/sdbts.yadmordekhai.com\/wp-content\/uploads\/2021\/03\/imforsante-1024x1024.jpg 1024w, http:\/\/sdbts.yadmordekhai.com\/wp-content\/uploads\/2021\/03\/imforsante-150x150.jpg 150w, http:\/\/sdbts.yadmordekhai.com\/wp-content\/uploads\/2021\/03\/imforsante-768x768.jpg 768w, http:\/\/sdbts.yadmordekhai.com\/wp-content\/uploads\/2021\/03\/imforsante-1536x1536.jpg 1536w, http:\/\/sdbts.yadmordekhai.com\/wp-content\/uploads\/2021\/03\/imforsante-2048x2048.jpg 2048w, http:\/\/sdbts.yadmordekhai.com\/wp-content\/uploads\/2021\/03\/imforsante-60x60.jpg 60w\" sizes=\"(max-width: 2500px) 100vw, 2500px\" \/><\/a><\/figure>\n<h5><a href=\"http:\/\/www.blogofficielfr.com\/article\/les-avancees-de-linformatique-dans-le-secteur-medical\" target=\"_blank\" rel=\"noopener noreferrer\">Les avanc\u00e9es de l&rsquo;informatique dans le secteur m\u00e9dical<\/a><\/h5>\n<p>Le monde actuel vit dans un environnement num\u00e9rique. L\u2019informatique est devenu est outil indispensable dans divers domaines de la vie et la sant\u00e9 a fait appel \u00e0 cet outil pour les divers avantages qu\u2019il procure.<\/p>\n<p>\t\t<iframe loading=\"lazy\" title=\"E-sant\u00e9 : des solutions cr\u00e9atrices de valeur pour l\u2019ensemble des acteurs de l\u2019\u00e9cosyst\u00e8me\" width=\"848\" height=\"636\" src=\"https:\/\/www.youtube.com\/embed\/L_8HWymnbzc?feature=oembed\" frameborder=\"0\" allow=\"accelerometer; autoplay; clipboard-write; encrypted-media; gyroscope; picture-in-picture\" allowfullscreen><\/iframe>\t\t<\/p>\n<h6>\n<h2>Le CHI de Cr\u00e9teil analyse ses donn\u00e9es m\u00e9dico administratives pour anticiper les vagues de patients COVID-19<\/h6>\n<\/h6>\n<p>D\u00e8s la propagation de l\u2019\u00e9pid\u00e9mie de <strong>SARS-CoV-2<\/strong> sur le territoire fran\u00e7ais, en mars 2020, la question de l\u2019<strong>anticipation des flux de patients<\/strong> dans les \u00e9tablissements hospitaliers s\u2019est pos\u00e9e. C\u2019est en effet un enjeu essentiel pour d\u00e9cider de l\u2019<strong>allocation des ressources hospitali\u00e8res<\/strong>, qu\u2019elles soient <strong>humaines<\/strong> ou <strong>mat\u00e9rielles<\/strong>, \u00e0 la prise en charge des patients positifs ou \u00e0 l\u2019accueil de patients souffrant d\u2019autres pathologies.<\/p>\n<p>\t\t\t<a href=\"https:\/\/www.caducee.net\/actualite-medicale\/15321\/bigdata-le-chi-de-creteil-analyse-ses-donnees-medico-administratives-pour-anticiper-les-vagues-de-patients-covid-19.html\" target=\"_blank\" role=\"button\" rel=\"noopener noreferrer\"><br \/>\n\t\t\t\t\t\tLire plus&#8230;<br \/>\n\t\t\t\t\t<\/a><br \/>\n\t\t\t\t\t\t\t\t\t\t<img width=\"624\" height=\"351\" src=\"http:\/\/sdbts.yadmordekhai.com\/wp-content\/uploads\/2021\/03\/CHIcreteil.jpg\" alt=\"\" loading=\"lazy\" srcset=\"http:\/\/sdbts.yadmordekhai.com\/wp-content\/uploads\/2021\/03\/CHIcreteil.jpg 624w, http:\/\/sdbts.yadmordekhai.com\/wp-content\/uploads\/2021\/03\/CHIcreteil-300x169.jpg 300w, http:\/\/sdbts.yadmordekhai.com\/wp-content\/uploads\/2021\/03\/CHIcreteil-107x60.jpg 107w\" sizes=\"(max-width: 624px) 100vw, 624px\" \/><br \/>\n\t\t\t\t\t\t\t\t\t\t<img width=\"341\" height=\"227\" src=\"http:\/\/sdbts.yadmordekhai.com\/wp-content\/uploads\/2021\/03\/teleconsultations.jpg\" alt=\"\" loading=\"lazy\" srcset=\"http:\/\/sdbts.yadmordekhai.com\/wp-content\/uploads\/2021\/03\/teleconsultations.jpg 341w, http:\/\/sdbts.yadmordekhai.com\/wp-content\/uploads\/2021\/03\/teleconsultations-300x200.jpg 300w, http:\/\/sdbts.yadmordekhai.com\/wp-content\/uploads\/2021\/03\/teleconsultations-90x60.jpg 90w\" sizes=\"(max-width: 341px) 100vw, 341px\" \/>\t\t\t\t\t\t\t\t\t\t\t<\/p>\n<h2>T\u00e9l\u00e9consultations et crise sanitaire Covid-19<\/h2>\n<p>Les r\u00e8gles concernant la <strong>t\u00e9l\u00e9m\u00e9decine<\/strong> avaient \u00e9t\u00e9 assouplies lors du premier confinement pour faciliter les t\u00e9l\u00e9consultations pour les <strong>suspicions<\/strong> et les <strong>suivis de Covid-19<\/strong>. Au del\u00e0 des cas li\u00e9s \u00e0 l\u2019\u00e9pid\u00e9mie, les t\u00e9l\u00e9consultations ont permis \u00e0 tous, et notamment aux malades chroniques, de ne pas risquer de <strong>rupture dans les parcours de soins<\/strong> et d\u2019assurer au moins un <strong>suivi \u00e0 distance<\/strong> pour ceux qui craignent de sortir de chez eux.<\/p>\n<p>\t\t\t<a href=\"https:\/\/www.france-assos-sante.org\/2020\/11\/25\/teleconsultations-et-crise-sanitaire-covid-19\/\" target=\"_blank\" role=\"button\" rel=\"noopener noreferrer\"><br \/>\n\t\t\t\t\t\tLire plus&#8230;<br \/>\n\t\t\t\t\t<\/a><br \/>\n\t\t\t\t\t\t\t\t\t\t\t<a href=\"https:\/\/www.institutmontaigne.org\/publications\/e-sante-augmentons-la-dose\" target=\"_blank\" rel=\"noopener noreferrer\"><br \/>\n\t\t\t\t\t\t\t<img width=\"848\" height=\"464\" src=\"http:\/\/sdbts.yadmordekhai.com\/wp-content\/uploads\/2021\/03\/e-sante-covid-1024x560.jpg\" alt=\"\" loading=\"lazy\" srcset=\"http:\/\/sdbts.yadmordekhai.com\/wp-content\/uploads\/2021\/03\/e-sante-covid-1024x560.jpg 1024w, http:\/\/sdbts.yadmordekhai.com\/wp-content\/uploads\/2021\/03\/e-sante-covid-300x164.jpg 300w, http:\/\/sdbts.yadmordekhai.com\/wp-content\/uploads\/2021\/03\/e-sante-covid-768x420.jpg 768w, http:\/\/sdbts.yadmordekhai.com\/wp-content\/uploads\/2021\/03\/e-sante-covid-110x60.jpg 110w, http:\/\/sdbts.yadmordekhai.com\/wp-content\/uploads\/2021\/03\/e-sante-covid.jpg 1201w\" sizes=\"(max-width: 848px) 100vw, 848px\" \/>\t\t\t\t\t\t\t\t<\/a><\/p>\n<h6>\n<h2>Panorama de l\u2019informatisation du secteur de la sant\u00e9<\/h6>\n<\/h6>\n<p>L&rsquo;utilisation des moyens informatiques permet aux professionnels de sant\u00e9 de constituer et de mettre \u00e0 jour les <strong>dossiers des patients<\/strong> (\u00e2ge, ant\u00e9c\u00e9dents, groupe sanguin, allergies, suivi m\u00e9dical, traitements pass\u00e9s ou en cours, et aussi radios, scanners, ou autres) sous une forme plus <strong>moderne<\/strong> et plus <strong>disponible<\/strong> que les traditionnelles fiches en carton. Cela rend \u00e9galement plus facile <strong>l&rsquo;\u00e9change de ces informations<\/strong>, soit en les envoyant par mail \u00e0 un confr\u00e8re, soit en les rendant disponibles sur un serveur.<\/p>\n<p>\t\t\t<a href=\"https:\/\/www.lajauneetlarouge.com\/panorama-de-linformatisation-du-secteur-de-la-sante\/\" target=\"_blank\" role=\"button\" rel=\"noopener noreferrer\"><br \/>\n\t\t\t\t\t\tLire plus&#8230;<br \/>\n\t\t\t\t\t<\/a><br \/>\n\t\t\t\t\t\t\t\t\t\t<img width=\"800\" height=\"533\" src=\"http:\/\/sdbts.yadmordekhai.com\/wp-content\/uploads\/2021\/04\/concept-de-sante-electronique.jpg\" alt=\"\" loading=\"lazy\" srcset=\"http:\/\/sdbts.yadmordekhai.com\/wp-content\/uploads\/2021\/04\/concept-de-sante-electronique.jpg 800w, http:\/\/sdbts.yadmordekhai.com\/wp-content\/uploads\/2021\/04\/concept-de-sante-electronique-300x200.jpg 300w, http:\/\/sdbts.yadmordekhai.com\/wp-content\/uploads\/2021\/04\/concept-de-sante-electronique-768x512.jpg 768w, http:\/\/sdbts.yadmordekhai.com\/wp-content\/uploads\/2021\/04\/concept-de-sante-electronique-90x60.jpg 90w\" sizes=\"(max-width: 800px) 100vw, 800px\" \/><br \/>\n\t\t\t\t\t\t\t\t\t\t<img width=\"760\" height=\"521\" src=\"http:\/\/sdbts.yadmordekhai.com\/wp-content\/uploads\/2021\/04\/reseau-humanest-760x521-1.jpg\" alt=\"\" loading=\"lazy\" srcset=\"http:\/\/sdbts.yadmordekhai.com\/wp-content\/uploads\/2021\/04\/reseau-humanest-760x521-1.jpg 760w, http:\/\/sdbts.yadmordekhai.com\/wp-content\/uploads\/2021\/04\/reseau-humanest-760x521-1-300x206.jpg 300w, http:\/\/sdbts.yadmordekhai.com\/wp-content\/uploads\/2021\/04\/reseau-humanest-760x521-1-88x60.jpg 88w\" sizes=\"(max-width: 760px) 100vw, 760px\" \/>\t\t\t\t\t\t\t\t\t\t\t<\/p>\n<h2>\u00c0 quoi servent les r\u00e9seaux de sant\u00e9 : Le cas d\u2019Humanest \u00e0 Paris<\/h2>\n<p>Bien qu\u2019ils soient amen\u00e9s \u00e0 <strong>dispara\u00eetre en 2022<\/strong> au profit de ce que l\u2019on a baptis\u00e9 les <strong>Dispositifs d\u2019Appui \u00e0 la Coordination<\/strong> (DAC), les r\u00e9seaux de sant\u00e9 vont en r\u00e9alit\u00e9 bel et bien faire <strong>perdurer leurs activit\u00e9s<\/strong>.<br \/>Savez-vous cependant quelles sont justement les <strong>missions<\/strong> d\u2019un r\u00e9seau de sant\u00e9\u00a0? Comment il <strong>s\u2019organise\u00a0<\/strong>? Qui peut en <strong>b\u00e9n\u00e9ficier\u00a0<\/strong>?<br \/>C\u2019est ce que nous allons voir \u00e0 travers le cas du\u00a0<strong>r\u00e9seau de sant\u00e9 Humanest<\/strong>, qui couvre l\u2019est de Paris, soit les 11<sup>\u00e8me<\/sup>, 12<sup>\u00e8me<\/sup>\u00a0et 20<sup>\u00e8me <\/sup>arrondissements.\u00a0<\/p>\n<p>\t\t\t<a href=\"https:\/\/www.france-assos-sante.org\/2020\/09\/23\/a-quoi-servent-les-reseaux-de-sante-le-cas-dhumanest-a-paris\/\" target=\"_blank\" role=\"button\" rel=\"noopener noreferrer\"><br \/>\n\t\t\t\t\t\tLire plus&#8230;<br \/>\n\t\t\t\t\t<\/a><br \/>\n\t\t\t\t\t\t\t\t\t\t<img width=\"838\" height=\"436\" src=\"http:\/\/sdbts.yadmordekhai.com\/wp-content\/uploads\/2021\/04\/20210217_securite_cyber_attaques_hopital_web.jpg\" alt=\"\" loading=\"lazy\" srcset=\"http:\/\/sdbts.yadmordekhai.com\/wp-content\/uploads\/2021\/04\/20210217_securite_cyber_attaques_hopital_web.jpg 838w, http:\/\/sdbts.yadmordekhai.com\/wp-content\/uploads\/2021\/04\/20210217_securite_cyber_attaques_hopital_web-300x156.jpg 300w, http:\/\/sdbts.yadmordekhai.com\/wp-content\/uploads\/2021\/04\/20210217_securite_cyber_attaques_hopital_web-768x400.jpg 768w, http:\/\/sdbts.yadmordekhai.com\/wp-content\/uploads\/2021\/04\/20210217_securite_cyber_attaques_hopital_web-115x60.jpg 115w\" sizes=\"(max-width: 838px) 100vw, 838px\" \/>\t\t\t\t\t\t\t\t\t\t\t<\/p>\n<h6>\n<h2>Cyberattaques : pourquoi les h\u00f4pitaux sont-ils vis\u00e9s ?<\/h6>\n<\/h6>\n<p>Narbonne, Montpellier,\u00a0 Villefranche-sur-Sa\u00f4ne, Dax\u2026 La liste des h\u00f4pitaux cyberattaqu\u00e9s s\u2019allonge. \u00c0 l\u2019heure o\u00f9 les <strong>\u00e9tablissements de sant\u00e9<\/strong> combattent une pand\u00e9mie, des assaillants <strong>perturbent leur fonctionnement<\/strong>, sans scrupule. Les h\u00f4pitaux sont aujourd\u2019hui tr\u00e8s <strong>informatis\u00e9s<\/strong>. Ce qui en fait des <strong>cibles de choix<\/strong> pour les <strong>cyberattaquants\u00a0<\/strong>qui n\u2019h\u00e9sitent plus \u00e0 s\u2019en prendre aux \u00e9tablissements hospitaliers. En leur demandant de<strong> payer une ran\u00e7on<\/strong> pour d\u00e9bloquer leurs <strong>syst\u00e8mes informatiques<\/strong>.<\/p>\n<p>\t\t\t<a href=\"https:\/\/www.ouest-france.fr\/economie\/cyberattaques-pourquoi-les-hopitaux-sont-ils-vises-7156970\" target=\"_blank\" role=\"button\" rel=\"noopener noreferrer\"><br \/>\n\t\t\t\t\t\tLire plus&#8230;<br \/>\n\t\t\t\t\t<\/a><br \/>\n\t\t\t\t\t\t\t\t\t\t<img width=\"660\" height=\"281\" src=\"http:\/\/sdbts.yadmordekhai.com\/wp-content\/uploads\/2021\/04\/cyberattaquehopitaux.jpg\" alt=\"\" loading=\"lazy\" srcset=\"http:\/\/sdbts.yadmordekhai.com\/wp-content\/uploads\/2021\/04\/cyberattaquehopitaux.jpg 660w, http:\/\/sdbts.yadmordekhai.com\/wp-content\/uploads\/2021\/04\/cyberattaquehopitaux-300x128.jpg 300w, http:\/\/sdbts.yadmordekhai.com\/wp-content\/uploads\/2021\/04\/cyberattaquehopitaux-141x60.jpg 141w\" sizes=\"(max-width: 660px) 100vw, 660px\" \/><br \/>\n\t\t\t\t\t\t\t\t\t\t<img width=\"622\" height=\"311\" src=\"http:\/\/sdbts.yadmordekhai.com\/wp-content\/uploads\/2021\/04\/cyberattaque.jpg\" alt=\"\" loading=\"lazy\" srcset=\"http:\/\/sdbts.yadmordekhai.com\/wp-content\/uploads\/2021\/04\/cyberattaque.jpg 622w, http:\/\/sdbts.yadmordekhai.com\/wp-content\/uploads\/2021\/04\/cyberattaque-300x150.jpg 300w, http:\/\/sdbts.yadmordekhai.com\/wp-content\/uploads\/2021\/04\/cyberattaque-120x60.jpg 120w\" sizes=\"(max-width: 622px) 100vw, 622px\" \/>\t\t\t\t\t\t\t\t\t\t\t<\/p>\n<h2>Un h\u00f4pital des Pyr\u00e9n\u00e9es-Atlantiques vis\u00e9 \u00e0 son tour par une cyberattaque<\/h2>\n<p>\t\tLe <strong>centre hospitalier<\/strong> d\u2019Oloron-Sainte-Marie (Pyr\u00e9n\u00e9es-Atlantiques) est touch\u00e9 depuis le 8 mars par une <strong>attaque au ran\u00e7ongiciel<\/strong> d&rsquo;une grande ampleur qui<strong> perturbe fortement<\/strong> son syst\u00e8me informatique. Il s\u2019agit de la <strong>troisi\u00e8me cyberattaque<\/strong> contre un h\u00f4pital en <strong>un mois<\/strong>. <br \/> Le\u00a0collectif estime que les sites internet, applications mobiles et autres outils num\u00e9riques peuvent \u00eatre \u00ab\u00a0r\u00e9ellement utiles\u00a0\u00bb en sant\u00e9. <\/br><br \/>\n\t\t\t<a href=\"https:\/\/www.lemonde.fr\/pixels\/article\/2021\/03\/09\/un-hopital-des-pyrenees-atlantiques-vise-a-son-tour-par-une-cyberattaque_6072505_4408996.html\" target=\"_blank\" role=\"button\" rel=\"noopener noreferrer\"><br \/>\n\t\t\t\t\t\tLire plus&#8230;<br \/>\n\t\t\t\t\t<\/a><\/p>\n<h6>\n<h2>Cybers\u00e9curit\u00e9 en sant\u00e9, quelle situation en France ?<\/h6>\n<\/h6>\n<p>En ce d\u00e9but d\u2019ann\u00e9e 2021, la multiplication des <strong>attaques de syst\u00e8mes d\u2019information d\u2019\u00e9tablissements de sant\u00e9<\/strong> par cryptolocker, et une <strong>fuite massive de donn\u00e9es de sant\u00e9<\/strong> (concernant 500 000 patients), mettent un coup de projecteur sur <strong>l\u2019importance de la cybers\u00e9curit\u00e9<\/strong>, tout particuli\u00e8rement dans le secteur de la sant\u00e9 compte tenu de la <strong>sensibilit\u00e9 des donn\u00e9es de sant\u00e9<\/strong>.<\/p>\n<p>\t\t\t<a href=\"https:\/\/www.lesechos.fr\/idees-debats\/cercle\/opinion-cybersecurite-en-sante-quelle-situation-en-france-1294758\" target=\"_blank\" role=\"button\" rel=\"noopener noreferrer\"><br \/>\n\t\t\t\t\t\tLire plus&#8230;<br \/>\n\t\t\t\t\t<\/a><br \/>\n\t\t\t\t\t\t\t\t\t\t<img width=\"630\" height=\"406\" src=\"http:\/\/sdbts.yadmordekhai.com\/wp-content\/uploads\/2021\/04\/Cyberattaques.jpg\" alt=\"\" loading=\"lazy\" srcset=\"http:\/\/sdbts.yadmordekhai.com\/wp-content\/uploads\/2021\/04\/Cyberattaques.jpg 630w, http:\/\/sdbts.yadmordekhai.com\/wp-content\/uploads\/2021\/04\/Cyberattaques-300x193.jpg 300w, http:\/\/sdbts.yadmordekhai.com\/wp-content\/uploads\/2021\/04\/Cyberattaques-93x60.jpg 93w\" sizes=\"(max-width: 630px) 100vw, 630px\" \/><br \/>\n\t\t\t\t\t\t\t\t\t\t<img width=\"1280\" height=\"720\" src=\"http:\/\/sdbts.yadmordekhai.com\/wp-content\/uploads\/2021\/04\/e-sante.jpg\" alt=\"\" loading=\"lazy\" srcset=\"http:\/\/sdbts.yadmordekhai.com\/wp-content\/uploads\/2021\/04\/e-sante.jpg 1280w, http:\/\/sdbts.yadmordekhai.com\/wp-content\/uploads\/2021\/04\/e-sante-300x169.jpg 300w, http:\/\/sdbts.yadmordekhai.com\/wp-content\/uploads\/2021\/04\/e-sante-1024x576.jpg 1024w, http:\/\/sdbts.yadmordekhai.com\/wp-content\/uploads\/2021\/04\/e-sante-768x432.jpg 768w, http:\/\/sdbts.yadmordekhai.com\/wp-content\/uploads\/2021\/04\/e-sante-107x60.jpg 107w\" sizes=\"(max-width: 1280px) 100vw, 1280px\" \/>\t\t\t\t\t\t\t\t\t\t\t<\/p>\n<h2>E-Sant\u00e9 : La France est le pays europ\u00e9en le mieux dot\u00e9 en fonds d\u2019investissement<\/h2>\n<p>Selon un <strong>recensement<\/strong> r\u00e9alis\u00e9 par la soci\u00e9t\u00e9 de capital-investissement <strong>Karista<\/strong>, la France est le pays d\u2019Europe occidentale qui compte le plus de <strong>fonds investissant<\/strong> dans l<strong>\u2019e-sant\u00e9<\/strong>. Le domaine devrait voir son financement confort\u00e9 dans les pays \u00e9tudi\u00e9s en raison de la crise du <strong>Covid-19<\/strong> mais bien des efforts devront \u00eatre fournis pour <strong>rattraper<\/strong> l\u2019Am\u00e9rique du Nord.<\/p>\n<p>\t\t\t<a href=\"https:\/\/www.maddyness.com\/2021\/03\/29\/e-sante-karista-france-fonds-investissement\/\" target=\"_blank\" role=\"button\" rel=\"noopener noreferrer\"><br \/>\n\t\t\t\t\t\tLire plus&#8230;<br \/>\n\t\t\t\t\t<\/a><\/p>\n<h6>\n<h2>Le Ciss dit \u00ab\u00a0oui\u00a0\u00bb \u00e0 la e-sant\u00e9\u2026 mais pas n&rsquo;importe comment<\/h6>\n<\/h6>\n<p>PARIS (TICpharma) &#8211; Le Collectif interassociatif sur la sant\u00e9 (Ciss) a publi\u00e9 lundi 12 septembre une s\u00e9rie de <strong>conseils<\/strong> et de <strong>propositions<\/strong> destin\u00e9s \u00e0 <strong>encourager le d\u00e9veloppement du num\u00e9rique dans la sant\u00e9<\/strong> tout en <strong>alertant<\/strong> sur les <strong>risques associ\u00e9s<\/strong> et en appelant \u00e0 un<strong> encadrement du syst\u00e8me<\/strong>.<\/p>\n<p>\t\t\t<a href=\"https:\/\/www.ticpharma.com\/story\/17\/le-ciss-dit-oui-a-la-e-sante-mais-pas-n-importe-comment.html#\" target=\"_blank\" role=\"button\" rel=\"noopener noreferrer\"><br \/>\n\t\t\t\t\t\tLire plus&#8230;<br \/>\n\t\t\t\t\t<\/a><br \/>\n\t\t\t\t\t\t\t\t\t\t<img width=\"1917\" height=\"991\" src=\"http:\/\/sdbts.yadmordekhai.com\/wp-content\/uploads\/2021\/03\/informatiqueetsante.jpg\" alt=\"\" loading=\"lazy\" srcset=\"http:\/\/sdbts.yadmordekhai.com\/wp-content\/uploads\/2021\/03\/informatiqueetsante.jpg 1917w, http:\/\/sdbts.yadmordekhai.com\/wp-content\/uploads\/2021\/03\/informatiqueetsante-300x155.jpg 300w, http:\/\/sdbts.yadmordekhai.com\/wp-content\/uploads\/2021\/03\/informatiqueetsante-1024x529.jpg 1024w, http:\/\/sdbts.yadmordekhai.com\/wp-content\/uploads\/2021\/03\/informatiqueetsante-768x397.jpg 768w, http:\/\/sdbts.yadmordekhai.com\/wp-content\/uploads\/2021\/03\/informatiqueetsante-1536x794.jpg 1536w, http:\/\/sdbts.yadmordekhai.com\/wp-content\/uploads\/2021\/03\/informatiqueetsante-116x60.jpg 116w\" sizes=\"(max-width: 1917px) 100vw, 1917px\" \/><br \/>\n\t\t\t\t\t\t\t\t\t\t<img width=\"301\" height=\"236\" src=\"http:\/\/sdbts.yadmordekhai.com\/wp-content\/uploads\/2021\/04\/doctolib-logo.jpg\" alt=\"\" loading=\"lazy\" srcset=\"http:\/\/sdbts.yadmordekhai.com\/wp-content\/uploads\/2021\/04\/doctolib-logo.jpg 301w, http:\/\/sdbts.yadmordekhai.com\/wp-content\/uploads\/2021\/04\/doctolib-logo-77x60.jpg 77w\" sizes=\"(max-width: 301px) 100vw, 301px\" \/>\t\t\t\t\t\t\t\t\t\t\t<\/p>\n<h2>\u201cDoctolibre-service\u201d des donn\u00e9es de sant\u00e9?<\/h2>\n<p>Ironie du sort ! C\u2019est quand les premiers r\u00e9sultats des ateliers citoyens sur le num\u00e9rique en sant\u00e9 tombent- o\u00f9 les Fran\u00e7ais exigent une parfaite s\u00e9curit\u00e9 de leurs donn\u00e9es- que Doctolib se fait pirater une partie de ses datas ! Autre fait effarant : le piratage de doctolib intervient apr\u00e8s une annonce presse pr\u00e9cisant avoir s\u00e9curis\u00e9 l\u2019outil de bout en bout ! Allons bon : que ce serait-il pass\u00e9 s\u2019ils n\u2019avaient pas pris ces pr\u00e9cautions ?!!<\/p>\n<p>\t\t\t<a href=\"https:\/\/www.france-assos-sante.org\/bon_mauvais_point\/doctolibre-service-des-donnees-de-sante\/\" target=\"_blank\" role=\"button\" rel=\"noopener noreferrer\"><br \/>\n\t\t\t\t\t\tLire plus&#8230;<br \/>\n\t\t\t\t\t<\/a><br \/>\n\t\t<iframe loading=\"lazy\" title=\"Dedalus\" width=\"848\" height=\"477\" src=\"https:\/\/www.youtube.com\/embed\/DgYjaslgGwY?feature=oembed\" frameborder=\"0\" allow=\"accelerometer; autoplay; clipboard-write; encrypted-media; gyroscope; picture-in-picture\" allowfullscreen><\/iframe>\t\t<\/p>\n<h2>vid\u00e9o: E-sant\u00e9, o\u00f9 est le droit?<\/h2>\n","protected":false},"excerpt":{"rendered":"<p>D\u00e9finition Selon Le Parisien qui nous renvoie vers Wikip\u00e9dia, l&rsquo;informatique m\u00e9dicale est l&rsquo;application des techniques issues de l&rsquo;informatique au domaine m\u00e9dical. L&rsquo;informatique m\u00e9dicale est une science \u00e0 part enti\u00e8re. Aux confluents des sciences de l&rsquo;information et de la m\u00e9decine, elle vise \u00e0 proposer sa contribution pour la compr\u00e9hension des m\u00e9canismes d&rsquo;interpr\u00e9tation et de raisonnement m\u00e9dical, d&rsquo;abstraction et d&rsquo;\u00e9laboration des connaissances, &hellip; <\/p>\n","protected":false},"author":1,"featured_media":0,"parent":0,"menu_order":0,"comment_status":"closed","ping_status":"closed","template":"","meta":[],"_links":{"self":[{"href":"https:\/\/sarah.delahaye.pro\/index.php\/wp-json\/wp\/v2\/pages\/307"}],"collection":[{"href":"https:\/\/sarah.delahaye.pro\/index.php\/wp-json\/wp\/v2\/pages"}],"about":[{"href":"https:\/\/sarah.delahaye.pro\/index.php\/wp-json\/wp\/v2\/types\/page"}],"author":[{"embeddable":true,"href":"https:\/\/sarah.delahaye.pro\/index.php\/wp-json\/wp\/v2\/users\/1"}],"replies":[{"embeddable":true,"href":"https:\/\/sarah.delahaye.pro\/index.php\/wp-json\/wp\/v2\/comments?post=307"}],"version-history":[{"count":0,"href":"https:\/\/sarah.delahaye.pro\/index.php\/wp-json\/wp\/v2\/pages\/307\/revisions"}],"wp:attachment":[{"href":"https:\/\/sarah.delahaye.pro\/index.php\/wp-json\/wp\/v2\/media?parent=307"}],"curies":[{"name":"wp","href":"https:\/\/api.w.org\/{rel}","templated":true}]}}