{"id":126,"date":"2021-01-21T16:07:32","date_gmt":"2021-01-21T15:07:32","guid":{"rendered":"http:\/\/sdbts.yadmordekhai.com\/?page_id=126"},"modified":"2021-04-02T11:31:46","modified_gmt":"2021-04-02T09:31:46","slug":"accueil","status":"publish","type":"page","link":"https:\/\/sarah.delahaye.pro\/","title":{"rendered":"Accueil"},"content":{"rendered":"<p>Bonjour, je m&rsquo;appelle Sarah Delahaye et je suis actuellement en deuxi\u00e8me ann\u00e9e de BTS SIO option SLAM \u00e0 l&rsquo;\u00e9cole Beth Sefer.<\/p>\n<p>Le but de mon portfolio est d&rsquo;expliquer en profondeur les comp\u00e9tences acquises lors des deux ann\u00e9es de formation du BTS, mais \u00e9galement au cours de mes semaines de stage en milieu professionnel.<\/p>\n<p>Le BTS SIO ( Services Informatiques aux Organisations) \u00e0 \u00e9t\u00e9 cr\u00e9\u00e9 en 2011 et nous offre deux options:<\/p>\n<ul>\n<li>SISR \u00ab solutions d\u2019infrastructure, syst\u00e8mes et r\u00e9seaux \u00bb<\/li>\n<li>SLAM \u00ab solutions logicielles et applications m\u00e9tiers \u00bb<\/li>\n<\/ul>\n<p>Le BTS que j&rsquo;ai choisi est le BTS SIO sp\u00e9cialit\u00e9 SLAM qui est plus ax\u00e9e sur le d\u00e9veloppement et la cr\u00e9ation de sites web.<\/p>\n<h3>Quelques mots sur l&rsquo;option<\/h3>\n<h1>SLAM<\/h1>\n<h3>\n\t\t\t\t\tObjectifs<br \/>\n\t\t\t\t<\/h3>\n<ul>\n<li>Une formation dans le d\u00e9veloppement d\u2019applications<\/li>\n<li>Une insertion rapide dans le monde du travail gr\u00e2ce \u00e0 l\u2019exp\u00e9rience professionnelle des stages<\/li>\n<li>De poursuivre les \u00e9tudes vers le niveau Bac+3\u00a0 et\/ou vers l\u2019ing\u00e9nierie informatique<\/li>\n<\/ul>\n<h3>\n\t\t\t\t\tD\u00e9bouch\u00e9s<br \/>\n\t\t\t\t<\/h3>\n<ul>\n<li>Webmaster<\/li>\n<li>D\u00e9veloppeur web<\/li>\n<li>Pilote d&rsquo;exploitation<\/li>\n<li>D\u00e9veloppeur d&rsquo;applications mobiles<\/li>\n<\/ul>\n<h3>\n\t\t\t\t\tOptions<br \/>\n\t\t\t\t<\/h3>\n<ul>\n<li>Exploitation d\u2019un sch\u00e9ma de donn\u00e9es<\/li>\n<li>Programmation objet<\/li>\n<li>Conception et adaptation d\u2019une base de donn\u00e9es<\/li>\n<li>R\u00e9alisation et maintenance de composants logiciels<\/li>\n<li>Conception et adaptation de solutions applicatives<\/li>\n<\/ul>\n","protected":false},"excerpt":{"rendered":"<p>Bonjour, je m&rsquo;appelle Sarah Delahaye et je suis actuellement en deuxi\u00e8me ann\u00e9e de BTS SIO option SLAM \u00e0 l&rsquo;\u00e9cole Beth Sefer. Le but de mon portfolio est d&rsquo;expliquer en profondeur les comp\u00e9tences acquises lors des deux ann\u00e9es de formation du BTS, mais \u00e9galement au cours de mes semaines de stage en milieu professionnel. Le BTS SIO ( Services Informatiques aux &hellip; <\/p>\n","protected":false},"author":1,"featured_media":0,"parent":0,"menu_order":0,"comment_status":"closed","ping_status":"closed","template":"","meta":[],"_links":{"self":[{"href":"https:\/\/sarah.delahaye.pro\/index.php\/wp-json\/wp\/v2\/pages\/126"}],"collection":[{"href":"https:\/\/sarah.delahaye.pro\/index.php\/wp-json\/wp\/v2\/pages"}],"about":[{"href":"https:\/\/sarah.delahaye.pro\/index.php\/wp-json\/wp\/v2\/types\/page"}],"author":[{"embeddable":true,"href":"https:\/\/sarah.delahaye.pro\/index.php\/wp-json\/wp\/v2\/users\/1"}],"replies":[{"embeddable":true,"href":"https:\/\/sarah.delahaye.pro\/index.php\/wp-json\/wp\/v2\/comments?post=126"}],"version-history":[{"count":0,"href":"https:\/\/sarah.delahaye.pro\/index.php\/wp-json\/wp\/v2\/pages\/126\/revisions"}],"wp:attachment":[{"href":"https:\/\/sarah.delahaye.pro\/index.php\/wp-json\/wp\/v2\/media?parent=126"}],"curies":[{"name":"wp","href":"https:\/\/api.w.org\/{rel}","templated":true}]}}