{"id":110,"date":"2021-01-19T17:44:44","date_gmt":"2021-01-19T16:44:44","guid":{"rendered":"http:\/\/sdbts.yadmordekhai.com\/?page_id=110"},"modified":"2021-03-22T00:43:26","modified_gmt":"2021-03-21T23:43:26","slug":"jeux-videos","status":"publish","type":"page","link":"https:\/\/sarah.delahaye.pro\/index.php\/jeux-videos\/","title":{"rendered":"Jeux vid\u00e9os"},"content":{"rendered":"<h4>D\u00e9finition<\/h4>\n<p>Un jeu vid\u00e9o est un jeu \u00e9lectronique dot\u00e9 d&rsquo;une interface utilisateur permettant une interaction humaine ludique en g\u00e9n\u00e9rant un retour visuel sur un dispositif vid\u00e9o. Le joueur de jeu vid\u00e9o dispose de p\u00e9riph\u00e9riques pour agir sur le jeu et percevoir les cons\u00e9quences de ses actes sur un environnement virtuel.<\/p>\n<figure><a href=\"https:\/\/blog.nationalmuseum.ch\/fr\/2020\/01\/histoire-des-jeux-video\/\" target=\"_blank\" rel=\"noopener noreferrer\"><img width=\"461\" height=\"413\" src=\"http:\/\/sdbts.yadmordekhai.com\/wp-content\/uploads\/2021\/03\/jeuxvideos.jpg\" alt=\"\" loading=\"lazy\" srcset=\"http:\/\/sdbts.yadmordekhai.com\/wp-content\/uploads\/2021\/03\/jeuxvideos.jpg 461w, http:\/\/sdbts.yadmordekhai.com\/wp-content\/uploads\/2021\/03\/jeuxvideos-300x269.jpg 300w, http:\/\/sdbts.yadmordekhai.com\/wp-content\/uploads\/2021\/03\/jeuxvideos-67x60.jpg 67w\" sizes=\"(max-width: 461px) 100vw, 461px\" \/><\/a><\/figure>\n<h3><a href=\"https:\/\/blog.nationalmuseum.ch\/fr\/2020\/01\/histoire-des-jeux-video\/\" target=\"_blank\" rel=\"noopener noreferrer\">L\u2019histoire des jeux vid\u00e9o<\/a><\/h3>\n<p>L\u2019envie de jouer est vieille comme le monde. Elle est essentielle aux enfants afin qu\u2019ils se pr\u00e9parent \u00e0 la vie; pour les adultes, elle est un moyen de fuir un instant la r\u00e9alit\u00e9 et de se divertir. \u00c0 l\u2019instar de presque tous les autres domaines, le jeu est entr\u00e9 dans le monde virtuel au cours des derni\u00e8res d\u00e9cennies. Retour sur cinquante  ans d&rsquo;histoire.<\/p>\n<figure><a href=\"https:\/\/www.europe1.fr\/societe\/quelle-est-lorigine-des-jeux-video-3999926\" target=\"_blank\" rel=\"noopener noreferrer\"><img width=\"640\" height=\"463\" src=\"http:\/\/sdbts.yadmordekhai.com\/wp-content\/uploads\/2021\/03\/50-ans-consoles.jpg\" alt=\"\" loading=\"lazy\" srcset=\"http:\/\/sdbts.yadmordekhai.com\/wp-content\/uploads\/2021\/03\/50-ans-consoles.jpg 640w, http:\/\/sdbts.yadmordekhai.com\/wp-content\/uploads\/2021\/03\/50-ans-consoles-300x217.jpg 300w, http:\/\/sdbts.yadmordekhai.com\/wp-content\/uploads\/2021\/03\/50-ans-consoles-83x60.jpg 83w\" sizes=\"(max-width: 640px) 100vw, 640px\" \/><\/a><\/figure>\n<h3><a href=\"https:\/\/www.europe1.fr\/societe\/quelle-est-lorigine-des-jeux-video-3999926\" target=\"_blank\" rel=\"noopener noreferrer\">Quelle est l&rsquo;origine des jeux vid\u00e9o ?<\/a><\/h3>\n<p>Dans les ann\u00e9es 1950, les premiers ordinateurs n&rsquo;\u00e9taient utilis\u00e9s que pour des calculs mais certains ing\u00e9nieurs ont eu envie de cr\u00e9er du divertissement. Le premier jeu vid\u00e9o Space Wars est arriv\u00e9 en 1962 et a marqu\u00e9 le d\u00e9but d&rsquo;une passion pour des milliers d&rsquo;utilisateurs, jeunes et moins jeunes, \u00e0 travers le monde entier.<\/p>\n<p>\t\t\t<a href=\"https:\/\/teleobs.nouvelobs.com\/jeux-video\/20111108.OBS4109\/l-histoire-du-jeu-video-en-dix-dates.html\" target=\"_blank\" role=\"button\" rel=\"noopener noreferrer\"><br \/>\n\t\t\t\t\t\tShow more<br \/>\n\t\t\t\t\t<\/a><\/p>\n<h5>\n<h2>2020, une cuv\u00e9e exceptionnelle pour le march\u00e9 du jeu vid\u00e9o en France<\/h6>\n<\/h5>\n<p>Dop\u00e9s par les confinements et la sortie de la PS5, les achats de consoles, jeux et accessoires ont <strong>d\u00e9pass\u00e9 les 5 milliards d&rsquo;euros,<\/strong> un record historique. L&rsquo;industrie du jeu vid\u00e9o s&rsquo;attendait \u00e0 ce que 2020 soit une bonne ann\u00e9e. Avec les sorties de <strong>nouvelles consoles tr\u00e8s attendues<\/strong>, le march\u00e9 qui \u00e9tait en d\u00e9croissance en 2019 allait \u00eatre <strong>tir\u00e9 vers le haut<\/strong>, et c&rsquo;\u00e9tait sans compter sur la pand\u00e9mie de <strong>Covid-19<\/strong>.<\/p>\n<p>\t\t\t<a href=\"https:\/\/www.lefigaro.fr\/secteur\/high-tech\/2020-cuvee-exceptionnelle-pour-le-marche-du-jeu-video-en-france-20210303\" target=\"_blank\" role=\"button\" rel=\"noopener noreferrer\"><br \/>\n\t\t\t\t\t\tLire plus&#8230;<br \/>\n\t\t\t\t\t<\/a><br \/>\n\t\t\t\t\t\t\t\t\t\t<img width=\"225\" height=\"225\" src=\"http:\/\/sdbts.yadmordekhai.com\/wp-content\/uploads\/2021\/03\/Figarologo.png\" alt=\"\" loading=\"lazy\" srcset=\"http:\/\/sdbts.yadmordekhai.com\/wp-content\/uploads\/2021\/03\/Figarologo.png 225w, http:\/\/sdbts.yadmordekhai.com\/wp-content\/uploads\/2021\/03\/Figarologo-150x150.png 150w, http:\/\/sdbts.yadmordekhai.com\/wp-content\/uploads\/2021\/03\/Figarologo-60x60.png 60w\" sizes=\"(max-width: 225px) 100vw, 225px\" \/><br \/>\n\t\t\t\t\t\t\t\t\t\t<img width=\"151\" height=\"85\" src=\"http:\/\/sdbts.yadmordekhai.com\/wp-content\/uploads\/2021\/03\/Figarook.jpg\" alt=\"\" loading=\"lazy\" srcset=\"http:\/\/sdbts.yadmordekhai.com\/wp-content\/uploads\/2021\/03\/Figarook.jpg 151w, http:\/\/sdbts.yadmordekhai.com\/wp-content\/uploads\/2021\/03\/Figarook-107x60.jpg 107w\" sizes=\"(max-width: 151px) 100vw, 151px\" \/>\t\t\t\t\t\t\t\t\t\t\t<\/p>\n<h2>Jeux vid\u00e9o : une industrie g\u00e9opolitique en mutation<\/h2>\n<p>Le jeu vid\u00e9o est la <strong>premi\u00e8re industrie de divertissement culturel<\/strong>, g\u00e9n\u00e9rant plus de revenus que le cin\u00e9ma, la musique, le livre et la t\u00e9l\u00e9vision. Avec plus de <strong>108 milliards d\u2019euros de chiffre d\u2019affaires mondial<\/strong> en 2019, ce secteur conna\u00eet une croissance continue, notamment gr\u00e2ce aux <strong>jeux pour supports portables<\/strong> (t\u00e9l\u00e9phones, tablettes). Un engouement g\u00e9ographiquement diff\u00e9renci\u00e9 et non d\u00e9nu\u00e9 d\u2019<strong>enjeux g\u00e9opolitiques<\/strong> par les repr\u00e9sentations qu\u2019ils\u00a0v\u00e9hiculent.<\/p>\n<p>\t\t\t<a href=\"https:\/\/www.areion24.news\/2021\/03\/10\/jeux-video-une-industrie-geopolitique-en-mutation\/\" target=\"_blank\" role=\"button\" rel=\"noopener noreferrer\"><br \/>\n\t\t\t\t\t\tLire plus&#8230;<br \/>\n\t\t\t\t\t<\/a><br \/>\n\t\t<iframe loading=\"lazy\" title=\"G\u00e9opolitique et jeux vid\u00e9o - Les jeux, miroirs du monde et de ses crises\" width=\"848\" height=\"477\" src=\"https:\/\/www.youtube.com\/embed\/Co5TtzkQKiM?feature=oembed\" frameborder=\"0\" allow=\"accelerometer; autoplay; clipboard-write; encrypted-media; gyroscope; picture-in-picture\" allowfullscreen><\/iframe>\t\t<\/p>\n<h5>\n<h2>Puissance, manette, jeux : dix questions que vous vous posez sur la PlayStation 5<\/h6>\n<\/h5>\n<p>L&rsquo;\u00e9v\u00e9nement jeu vid\u00e9o de cette fin d&rsquo;ann\u00e9e est enfin l\u00e0 : la toute puissante <strong>PlayStation 5<\/strong> d\u00e9barque en <strong>plein confinement<\/strong>, \u00e0 un peu plus d&rsquo;un mois des f\u00eates de No\u00ebl. Est-elle vraiment \u00e0 la hauteur de l&rsquo;attente des gamers ? Franceinfo a test\u00e9 pour vous <strong>la \u00ab\u00a0bombe\u00a0\u00bb de Sony<\/strong>\u00a0et r\u00e9pond\u00a0\u00e0 vos principales interrogations sur la console NextGen.<\/p>\n<p>\t\t\t<a href=\"https:\/\/www.francetvinfo.fr\/internet\/sony\/puissance-manette-jeux-dix-questions-que-vous-vous-posez-sur-la-playstation-5-qui-sort-jeudi_4183667.html\" target=\"_blank\" role=\"button\" rel=\"noopener noreferrer\"><br \/>\n\t\t\t\t\t\tLire plus&#8230;<br \/>\n\t\t\t\t\t<\/a><br \/>\n\t\t\t\t\t\t\t\t\t\t<img width=\"225\" height=\"225\" src=\"http:\/\/sdbts.yadmordekhai.com\/wp-content\/uploads\/2021\/03\/playstation5.jpg\" alt=\"\" loading=\"lazy\" srcset=\"http:\/\/sdbts.yadmordekhai.com\/wp-content\/uploads\/2021\/03\/playstation5.jpg 225w, http:\/\/sdbts.yadmordekhai.com\/wp-content\/uploads\/2021\/03\/playstation5-150x150.jpg 150w, http:\/\/sdbts.yadmordekhai.com\/wp-content\/uploads\/2021\/03\/playstation5-60x60.jpg 60w\" sizes=\"(max-width: 225px) 100vw, 225px\" \/><br \/>\n\t\t\t\t\t\t\t\t\t\t<img width=\"768\" height=\"486\" src=\"http:\/\/sdbts.yadmordekhai.com\/wp-content\/uploads\/2021\/03\/fortnite.jpg\" alt=\"\" loading=\"lazy\" srcset=\"http:\/\/sdbts.yadmordekhai.com\/wp-content\/uploads\/2021\/03\/fortnite.jpg 768w, http:\/\/sdbts.yadmordekhai.com\/wp-content\/uploads\/2021\/03\/fortnite-300x190.jpg 300w, http:\/\/sdbts.yadmordekhai.com\/wp-content\/uploads\/2021\/03\/fortnite-95x60.jpg 95w\" sizes=\"(max-width: 768px) 100vw, 768px\" \/>\t\t\t\t\t\t\t\t\t\t\t<\/p>\n<h2>Jeux vid\u00e9o: l&rsquo;\u00e9diteur de Fortnite poursuit Google Australia<\/h2>\n<p>Epic Games, qui d\u00e9veloppe notamment le <strong>c\u00e9l\u00e8bre jeu vid\u00e9o Fortnite<\/strong>, a port\u00e9 plainte mercredi contre Google Australia, d\u00e9non\u00e7ant sa <strong>position dominante<\/strong> dans la distribution et le syst\u00e8me de paiement des applications mobiles.<br \/>Epic a\u00a0d\u00e9j\u00e0 intent\u00e9 des <strong>poursuites judiciaires similaires<\/strong> contre les g\u00e9ants Google et Apple\u00a0en Europe, en Grande-Bretagne et aux Etats-Unis pour abus de position dominante.<\/p>\n<p>\t\t\t<a href=\"https:\/\/www.boursedirect.fr\/fr\/actualites\/categorie\/economie\/jeux-video-l-editeur-de-fortnite-poursuit-google-australia-afp-9c560c4b0da7c1aaa2f5c0acdc51766245b96496\" target=\"_blank\" role=\"button\" rel=\"noopener noreferrer\"><br \/>\n\t\t\t\t\t\tLire plus&#8230;<br \/>\n\t\t\t\t\t<\/a><\/p>\n<h6>\n<h2>Dans les jeux vid\u00e9os, autant de joueuses que de joueurs !<\/h6>\n<\/h6>\n<p>Longtemps assimil\u00e9 \u00e0 un divertissement masculin, le jeu vid\u00e9o d\u00e9montre ann\u00e9e apr\u00e8s ann\u00e9e une <strong>expansion dans les loisirs f\u00e9minins<\/strong>. Le bilan annuel du Syndicat des \u00e9diteurs de logiciels et de loisirs montre une<strong> part grandissante des femmes<\/strong> dans les utilisateurs de jeux vid\u00e9o. Pas de chichi, le jeu vid\u00e9o appartient \u00e0 tout le monde. On note depuis 2017 une l\u00e9g\u00e8re mais r\u00e9guli\u00e8re <strong>croissance<\/strong> du nombre de femmes adeptes des jeux vid\u00e9o.<\/p>\n<p>\t\t\t<a href=\"https:\/\/www.ladepeche.fr\/2021\/03\/10\/dans-les-jeux-videos-autant-de-joueuses-que-de-joueurs-9419519.php\" target=\"_blank\" role=\"button\" rel=\"noopener noreferrer\"><br \/>\n\t\t\t\t\t\tLire plus&#8230;<br \/>\n\t\t\t\t\t<\/a><br \/>\n\t\t\t\t\t\t\t\t\t\t<img width=\"885\" height=\"500\" src=\"http:\/\/sdbts.yadmordekhai.com\/wp-content\/uploads\/2021\/03\/joueuse.jpg\" alt=\"\" loading=\"lazy\" srcset=\"http:\/\/sdbts.yadmordekhai.com\/wp-content\/uploads\/2021\/03\/joueuse.jpg 885w, http:\/\/sdbts.yadmordekhai.com\/wp-content\/uploads\/2021\/03\/joueuse-300x169.jpg 300w, http:\/\/sdbts.yadmordekhai.com\/wp-content\/uploads\/2021\/03\/joueuse-768x434.jpg 768w, http:\/\/sdbts.yadmordekhai.com\/wp-content\/uploads\/2021\/03\/joueuse-106x60.jpg 106w\" sizes=\"(max-width: 885px) 100vw, 885px\" \/><br \/>\n\t\t\t\t\t\t\t\t\t\t<img width=\"1365\" height=\"759\" src=\"http:\/\/sdbts.yadmordekhai.com\/wp-content\/uploads\/2021\/03\/hotel-atari.jpg\" alt=\"\" loading=\"lazy\" srcset=\"http:\/\/sdbts.yadmordekhai.com\/wp-content\/uploads\/2021\/03\/hotel-atari.jpg 1365w, http:\/\/sdbts.yadmordekhai.com\/wp-content\/uploads\/2021\/03\/hotel-atari-300x167.jpg 300w, http:\/\/sdbts.yadmordekhai.com\/wp-content\/uploads\/2021\/03\/hotel-atari-1024x569.jpg 1024w, http:\/\/sdbts.yadmordekhai.com\/wp-content\/uploads\/2021\/03\/hotel-atari-768x427.jpg 768w, http:\/\/sdbts.yadmordekhai.com\/wp-content\/uploads\/2021\/03\/hotel-atari-108x60.jpg 108w\" sizes=\"(max-width: 1365px) 100vw, 1365px\" \/>\t\t\t\t\t\t\t\t\t\t\t<\/p>\n<h2>Bient\u00f4t des h\u00f4tels Atari, pour dormir dans \u00abl\u2019univers des jeux vid\u00e9o\u00bb<\/h2>\n<p>\t\tLe groupe fran\u00e7ais de jeux vid\u00e9o Atari a annonc\u00e9 mercredi un accord avec une holding pour la construction d\u2019<strong>\u00ab\u00a0h\u00f4tels Atari\u00a0\u00bb<\/strong> \u00e0 Duba\u00ef, \u00e0 Gibraltar et en Espagne, o\u00f9 les clients seront <strong>\u00ab\u00a0plong\u00e9s\u00a0\u00bb dans l\u2019univers des jeux vid\u00e9o<\/strong>.<br \/>\nLes \u00ab\u00a0h\u00f4tels Atari\u00a0\u00bb disposeront notamment d\u2019aires de jeux Atari, d\u2019une boulangerie, d\u2019un cin\u00e9ma et d\u2019une salle de sport, indique dans un communiqu\u00e9 le groupe fond\u00e9 en Californie en 1972.<br \/>\n\t\t\t<a href=\"https:\/\/www.courrier-picard.fr\/id172656\/article\/2021-03-10\/bientot-des-hotels-atari-pour-dormir-dans-lunivers-des-jeux-video\" target=\"_blank\" role=\"button\" rel=\"noopener noreferrer\"><br \/>\n\t\t\t\t\t\tLire plus&#8230;<br \/>\n\t\t\t\t\t<\/a><\/p>\n<h6>\n<h2>The Legend of Zelda Breath of the Wild est votre meilleur Jeu de la G\u00e9n\u00e9ration<\/h6>\n<\/h6>\n<p>Au terme d<strong>&lsquo;un mois de d\u00e9lib\u00e9rations et de d\u00e9bats enflamm\u00e9s<\/strong>, le second tournoi du Jeu de la G\u00e9n\u00e9ration a livr\u00e9 son verdict qui a d\u00e9sign\u00e9 &lsquo;Zelda Breath of the Wild&rsquo; comme le <strong>meilleur jeu de la g\u00e9n\u00e9ration<\/strong>, pour conclure en beaut\u00e9 pas loin d&rsquo;<strong>une d\u00e9cennie pass\u00e9e \u00e0 jouer ensemble<\/strong>. Sans v\u00e9ritable surprise il est vrai, tant le jeu de Nintendo a <strong>\u00e9cras\u00e9 la concurrence<\/strong> \u00e0 chaque tour, ne laissant que des miettes \u00e0 ses opposants, y compris \u00e0 l&rsquo;autre finaliste, Bloodborne.<\/p>\n<p>\t\t\t<a href=\"https:\/\/www.gamekult.com\/actualite\/the-legend-of-zelda-breath-of-the-wild-est-votre-meilleur-jeu-de-la-generation-3050836569.html\" target=\"_blank\" role=\"button\" rel=\"noopener noreferrer\"><br \/>\n\t\t\t\t\t\tLire plus&#8230;<br \/>\n\t\t\t\t\t<\/a><br \/>\n\t\t\t\t\t\t\t\t\t\t<img width=\"283\" height=\"300\" src=\"http:\/\/sdbts.yadmordekhai.com\/wp-content\/uploads\/2021\/03\/the-legend-of-zelda-breath-of-the-wild.jpg\" alt=\"\" loading=\"lazy\" srcset=\"http:\/\/sdbts.yadmordekhai.com\/wp-content\/uploads\/2021\/03\/the-legend-of-zelda-breath-of-the-wild.jpg 283w, http:\/\/sdbts.yadmordekhai.com\/wp-content\/uploads\/2021\/03\/the-legend-of-zelda-breath-of-the-wild-57x60.jpg 57w\" sizes=\"(max-width: 283px) 100vw, 283px\" \/><br \/>\n\t\t\t\t\t\t\t\t\t\t<img width=\"1280\" height=\"720\" src=\"http:\/\/sdbts.yadmordekhai.com\/wp-content\/uploads\/2021\/03\/odysight_0.jpg\" alt=\"\" loading=\"lazy\" srcset=\"http:\/\/sdbts.yadmordekhai.com\/wp-content\/uploads\/2021\/03\/odysight_0.jpg 1280w, http:\/\/sdbts.yadmordekhai.com\/wp-content\/uploads\/2021\/03\/odysight_0-300x169.jpg 300w, http:\/\/sdbts.yadmordekhai.com\/wp-content\/uploads\/2021\/03\/odysight_0-1024x576.jpg 1024w, http:\/\/sdbts.yadmordekhai.com\/wp-content\/uploads\/2021\/03\/odysight_0-768x432.jpg 768w, http:\/\/sdbts.yadmordekhai.com\/wp-content\/uploads\/2021\/03\/odysight_0-107x60.jpg 107w\" sizes=\"(max-width: 1280px) 100vw, 1280px\" \/>\t\t\t\t\t\t\t\t\t\t\t<\/p>\n<h2>Odysight, un jeu vid\u00e9o pour pr\u00e9venir la c\u00e9cit\u00e9<\/h2>\n<h6><a href=\"https:\/\/www.rfi.fr\/fr\/podcasts\/nouvelles-technologies\/20210320-odysight-un-jeu-vid%C3%A9o-pour-pr%C3%A9venir-la-c%C3%A9cit%C3%A9-rediffusion\">voir l&rsquo;article&#8230;<\/a><\/h6>\n<p>Pour d\u00e9tecter \u00e0 temps des <strong>troubles visuels<\/strong> pouvant entra\u00eener une <strong>c\u00e9cit\u00e9 totale<\/strong>, une jeune pousse fran\u00e7aise a d\u00e9velopp\u00e9 avec des <strong>professionnels de sant\u00e9<\/strong> Odysight, le premier jeu vid\u00e9o sur smartphone de <strong>suivi m\u00e9dical des affections ophtalmiques<\/strong>.<\/p>\n<h6><a href=\"http:\/\/sdbts.yadmordekhai.com\/wp-content\/uploads\/2021\/03\/OK_Chr_Nouv_Techno_15-11-20_Odysight-2.mp3\">\u2026ou \u00e9couter le podcast<\/a><\/h6>\n<p>http:\/\/sdbts.yadmordekhai.com\/wp-content\/uploads\/2021\/03\/OK_Chr_Nouv_Techno_15-11-20_Odysight-2.mp3<br \/>\n\t\t<div style=\"width: 640px;\" class=\"wp-video\"><!--[if lt IE 9]><script>document.createElement('video');<\/script><![endif]-->\n<video class=\"wp-video-shortcode\" id=\"video-110-1\" width=\"640\" height=\"360\" preload=\"metadata\" controls=\"controls\"><source type=\"video\/mp4\" src=\"http:\/\/sdbts.yadmordekhai.com\/wp-content\/uploads\/2021\/03\/Enfants-et-ecrans_-_Des-effets-extremement-lourds-sur-le-developpement-intellectuel-de-lenfant_-240-X-426-.mp4?_=1\" \/><a href=\"http:\/\/sdbts.yadmordekhai.com\/wp-content\/uploads\/2021\/03\/Enfants-et-ecrans_-_Des-effets-extremement-lourds-sur-le-developpement-intellectuel-de-lenfant_-240-X-426-.mp4\">http:\/\/sdbts.yadmordekhai.com\/wp-content\/uploads\/2021\/03\/Enfants-et-ecrans_-_Des-effets-extremement-lourds-sur-le-developpement-intellectuel-de-lenfant_-240-X-426-.mp4<\/a><\/video><\/div><\/p>\n","protected":false},"excerpt":{"rendered":"<p>D\u00e9finition Un jeu vid\u00e9o est un jeu \u00e9lectronique dot\u00e9 d&rsquo;une interface utilisateur permettant une interaction humaine ludique en g\u00e9n\u00e9rant un retour visuel sur un dispositif vid\u00e9o. Le joueur de jeu vid\u00e9o dispose de p\u00e9riph\u00e9riques pour agir sur le jeu et percevoir les cons\u00e9quences de ses actes sur un environnement virtuel. L\u2019histoire des jeux vid\u00e9o L\u2019envie de jouer est vieille comme &hellip; <\/p>\n","protected":false},"author":1,"featured_media":0,"parent":0,"menu_order":0,"comment_status":"closed","ping_status":"closed","template":"","meta":[],"_links":{"self":[{"href":"https:\/\/sarah.delahaye.pro\/index.php\/wp-json\/wp\/v2\/pages\/110"}],"collection":[{"href":"https:\/\/sarah.delahaye.pro\/index.php\/wp-json\/wp\/v2\/pages"}],"about":[{"href":"https:\/\/sarah.delahaye.pro\/index.php\/wp-json\/wp\/v2\/types\/page"}],"author":[{"embeddable":true,"href":"https:\/\/sarah.delahaye.pro\/index.php\/wp-json\/wp\/v2\/users\/1"}],"replies":[{"embeddable":true,"href":"https:\/\/sarah.delahaye.pro\/index.php\/wp-json\/wp\/v2\/comments?post=110"}],"version-history":[{"count":0,"href":"https:\/\/sarah.delahaye.pro\/index.php\/wp-json\/wp\/v2\/pages\/110\/revisions"}],"wp:attachment":[{"href":"https:\/\/sarah.delahaye.pro\/index.php\/wp-json\/wp\/v2\/media?parent=110"}],"curies":[{"name":"wp","href":"https:\/\/api.w.org\/{rel}","templated":true}]}}